{"id":1118,"date":"2020-11-03T14:50:20","date_gmt":"2020-11-03T14:50:20","guid":{"rendered":"http:\/\/perer5.sg-host.com\/manteniment\/"},"modified":"2023-11-20T12:50:23","modified_gmt":"2023-11-20T12:50:23","slug":"manteniment","status":"publish","type":"page","link":"https:\/\/www.otbwaterdesign.com\/ca\/manteniment\/","title":{"rendered":"Manteniment"},"content":{"rendered":"\t\t<div data-elementor-type=\"wp-page\" data-elementor-id=\"1118\" class=\"elementor elementor-1118 elementor-105\" data-elementor-post-type=\"page\">\n\t\t\t\t\t\t<section data-particle_enable=\"false\" data-particle-mobile-disabled=\"false\" class=\"has_ae_slider elementor-section elementor-top-section elementor-element elementor-element-ef5aba4 elementor-section-height-min-height elementor-section-boxed elementor-section-height-default elementor-section-items-middle ae-bg-gallery-type-default\" data-id=\"ef5aba4\" data-element_type=\"section\" data-settings=\"{&quot;background_background&quot;:&quot;classic&quot;}\">\n\t\t\t\t\t\t\t<div class=\"elementor-background-overlay\"><\/div>\n\t\t\t\t\t\t\t<div class=\"elementor-container elementor-column-gap-default\">\n\t\t\t\t\t<div class=\"has_ae_slider elementor-column elementor-col-100 elementor-top-column elementor-element elementor-element-8a780cb ae-bg-gallery-type-default\" data-id=\"8a780cb\" data-element_type=\"column\">\n\t\t\t<div class=\"elementor-widget-wrap elementor-element-populated\">\n\t\t\t\t\t\t<div class=\"elementor-element elementor-element-488f285 elementor-widget__width-initial animated-slow elementor-invisible elementor-widget elementor-widget-heading\" data-id=\"488f285\" data-element_type=\"widget\" data-settings=\"{&quot;_animation&quot;:&quot;fadeInUp&quot;}\" data-widget_type=\"heading.default\">\n\t\t\t\t<div class=\"elementor-widget-container\">\n\t\t\t<h2 class=\"elementor-heading-title elementor-size-default\">Manteniment de fonts ornamentals<\/h2>\t\t<\/div>\n\t\t\t\t<\/div>\n\t\t\t\t<div class=\"elementor-element elementor-element-5004852 elementor-widget__width-initial animated-slow elementor-invisible elementor-widget elementor-widget-heading\" data-id=\"5004852\" data-element_type=\"widget\" data-settings=\"{&quot;_animation&quot;:&quot;fadeInUp&quot;,&quot;_animation_delay&quot;:1000}\" data-widget_type=\"heading.default\">\n\t\t\t\t<div class=\"elementor-widget-container\">\n\t\t\t<h4 class=\"elementor-heading-title elementor-size-default\">Avaluem i tenim cura de les teves instal\u00b7lacions per allargar-ne la vida \u00fatil<\/h4>\t\t<\/div>\n\t\t\t\t<\/div>\n\t\t\t\t\t<\/div>\n\t\t<\/div>\n\t\t\t\t\t<\/div>\n\t\t<\/section>\n\t\t\t\t<section data-particle_enable=\"false\" data-particle-mobile-disabled=\"false\" class=\"has_ae_slider elementor-section elementor-top-section elementor-element elementor-element-86609b8 elementor-section-boxed elementor-section-height-default elementor-section-height-default ae-bg-gallery-type-default\" data-id=\"86609b8\" data-element_type=\"section\" data-settings=\"{&quot;background_background&quot;:&quot;classic&quot;}\">\n\t\t\t\t\t\t<div class=\"elementor-container elementor-column-gap-default\">\n\t\t\t\t\t<div class=\"has_ae_slider elementor-column elementor-col-50 elementor-top-column elementor-element elementor-element-3e0083d ae-bg-gallery-type-default\" data-id=\"3e0083d\" data-element_type=\"column\">\n\t\t\t<div class=\"elementor-widget-wrap elementor-element-populated\">\n\t\t\t\t\t\t<div class=\"elementor-element elementor-element-149efeb elementor-widget elementor-widget-image\" data-id=\"149efeb\" data-element_type=\"widget\" data-widget_type=\"image.default\">\n\t\t\t\t<div class=\"elementor-widget-container\">\n\t\t\t\t\t\t\t\t\t\t<figure class=\"wp-caption\">\n\t\t\t\t\t\t\t\t\t\t<img fetchpriority=\"high\" decoding=\"async\" width=\"999\" height=\"669\" src=\"https:\/\/www.otbwaterdesign.com\/wp-content\/uploads\/2023\/10\/Mantenimiento-2.jpg\" class=\"attachment-full size-full wp-image-8102\" alt=\"\" srcset=\"https:\/\/www.otbwaterdesign.com\/wp-content\/uploads\/2023\/10\/Mantenimiento-2.jpg 999w, https:\/\/www.otbwaterdesign.com\/wp-content\/uploads\/2023\/10\/Mantenimiento-2-300x201.jpg 300w, https:\/\/www.otbwaterdesign.com\/wp-content\/uploads\/2023\/10\/Mantenimiento-2-768x514.jpg 768w\" sizes=\"(max-width: 999px) 100vw, 999px\" \/>\t\t\t\t\t\t\t\t\t\t\t<figcaption class=\"widget-image-caption wp-caption-text\">Parque de Do\u00f1a Casilda, Bilbao<\/figcaption>\n\t\t\t\t\t\t\t\t\t\t<\/figure>\n\t\t\t\t\t\t\t<\/div>\n\t\t\t\t<\/div>\n\t\t\t\t\t<\/div>\n\t\t<\/div>\n\t\t\t\t<div class=\"has_ae_slider elementor-column elementor-col-50 elementor-top-column elementor-element elementor-element-af58fdf ae-bg-gallery-type-default\" data-id=\"af58fdf\" data-element_type=\"column\">\n\t\t\t<div class=\"elementor-widget-wrap elementor-element-populated\">\n\t\t\t\t\t\t<div class=\"elementor-element elementor-element-28dce92 elementor-widget elementor-widget-text-editor\" data-id=\"28dce92\" data-element_type=\"widget\" data-widget_type=\"text-editor.default\">\n\t\t\t\t<div class=\"elementor-widget-container\">\n\t\t\t\t\t\t\t<p>La divisi\u00f3 de fonts ornamentals, integrada a COMSA SERVICE, empresa de serveis multidisciplinaris de l&#8217;\u00e0mbit del manteniment, t\u00e9 un avantatge clar enfront d&#8217;altres empreses del sector.<\/p>\n<p>L&#8217;experi\u00e8ncia de la nostra empresa no nom\u00e9s en el manteniment i la conservaci\u00f3 de fonts, sin\u00f3 tamb\u00e9 en el disseny i la instal\u00b7laci\u00f3 de grans composicions d&#8217;aigua, llum i m\u00fasica, fa que coneguem en profunditat els equips, els mecanismes i els millors sistemes en el camp del manteniment preventiu, predictiu i correctiu.<\/p>\n<p>Disposem d&#8217;una plantilla \u00e0mplia de personal expert en el manteniment de fonts ornamentals, aix\u00ed com d&#8217;equips t\u00e8cnics espec\u00edfics que s&#8217;encarreguen del manteniment de les fonts ornamentals ubicades en places i parcs, centres comercials, \u00e0rees recreatives, centres institucionals, hotels, etc.<\/p>\n\t\t\t\t\t\t<\/div>\n\t\t\t\t<\/div>\n\t\t\t\t\t<\/div>\n\t\t<\/div>\n\t\t\t\t\t<\/div>\n\t\t<\/section>\n\t\t\t\t<section data-particle_enable=\"false\" data-particle-mobile-disabled=\"false\" class=\"has_ae_slider elementor-section elementor-top-section elementor-element elementor-element-5120750 elementor-section-boxed elementor-section-height-default elementor-section-height-default ae-bg-gallery-type-default\" data-id=\"5120750\" data-element_type=\"section\" data-settings=\"{&quot;background_background&quot;:&quot;classic&quot;}\">\n\t\t\t\t\t\t<div class=\"elementor-container elementor-column-gap-default\">\n\t\t\t\t\t<div class=\"has_ae_slider elementor-column elementor-col-100 elementor-top-column elementor-element elementor-element-5b2792c ae-bg-gallery-type-default\" data-id=\"5b2792c\" data-element_type=\"column\">\n\t\t\t<div class=\"elementor-widget-wrap elementor-element-populated\">\n\t\t\t\t\t\t<div class=\"elementor-element elementor-element-1bb5482 elementor-widget elementor-widget-image\" data-id=\"1bb5482\" data-element_type=\"widget\" data-widget_type=\"image.default\">\n\t\t\t\t<div class=\"elementor-widget-container\">\n\t\t\t\t\t\t\t\t\t\t\t\t\t<img decoding=\"async\" width=\"1000\" height=\"750\" src=\"https:\/\/www.otbwaterdesign.com\/wp-content\/uploads\/2023\/10\/mantenimiento-3-o-1-lo-que-quede-mejor-e1697036615200.jpg\" class=\"attachment-full size-full wp-image-8106\" alt=\"\" \/>\t\t\t\t\t\t\t\t\t\t\t\t\t<\/div>\n\t\t\t\t<\/div>\n\t\t\t\t<section data-particle_enable=\"false\" data-particle-mobile-disabled=\"false\" class=\"has_ae_slider elementor-section elementor-inner-section elementor-element elementor-element-d69e5d2 elementor-section-boxed elementor-section-height-default elementor-section-height-default ae-bg-gallery-type-default\" data-id=\"d69e5d2\" data-element_type=\"section\">\n\t\t\t\t\t\t<div class=\"elementor-container elementor-column-gap-default\">\n\t\t\t\t\t<div class=\"has_ae_slider elementor-column elementor-col-33 elementor-inner-column elementor-element elementor-element-9a309ea ae-bg-gallery-type-default\" data-id=\"9a309ea\" data-element_type=\"column\" data-settings=\"{&quot;background_background&quot;:&quot;classic&quot;}\">\n\t\t\t<div class=\"elementor-widget-wrap elementor-element-populated\">\n\t\t\t\t\t\t<div class=\"elementor-element elementor-element-65ff005 elementor-widget elementor-widget-image\" data-id=\"65ff005\" data-element_type=\"widget\" data-widget_type=\"image.default\">\n\t\t\t\t<div class=\"elementor-widget-container\">\n\t\t\t\t\t\t\t\t\t\t\t\t\t<img decoding=\"async\" src=\"https:\/\/www.otbwaterdesign.com\/wp-content\/uploads\/2023\/10\/icon-programa.svg\" class=\"attachment-full size-full wp-image-7825\" alt=\"\" \/>\t\t\t\t\t\t\t\t\t\t\t\t\t<\/div>\n\t\t\t\t<\/div>\n\t\t\t\t<div class=\"elementor-element elementor-element-6891492 elementor-widget elementor-widget-heading\" data-id=\"6891492\" data-element_type=\"widget\" data-widget_type=\"heading.default\">\n\t\t\t\t<div class=\"elementor-widget-container\">\n\t\t\t<h3 class=\"elementor-heading-title elementor-size-default\">Programa propi<\/h3>\t\t<\/div>\n\t\t\t\t<\/div>\n\t\t\t\t<div class=\"elementor-element elementor-element-9245df3 elementor-widget elementor-widget-heading\" data-id=\"9245df3\" data-element_type=\"widget\" data-widget_type=\"heading.default\">\n\t\t\t\t<div class=\"elementor-widget-container\">\n\t\t\t<h4 class=\"elementor-heading-title elementor-size-default\">Programa propi de control i operaci\u00f3 del manteniment d'instal\u00b7lacions en remot.<\/h4>\t\t<\/div>\n\t\t\t\t<\/div>\n\t\t\t\t\t<\/div>\n\t\t<\/div>\n\t\t\t\t<div class=\"has_ae_slider elementor-column elementor-col-33 elementor-inner-column elementor-element elementor-element-0615fff ae-bg-gallery-type-default\" data-id=\"0615fff\" data-element_type=\"column\" data-settings=\"{&quot;background_background&quot;:&quot;classic&quot;}\">\n\t\t\t<div class=\"elementor-widget-wrap elementor-element-populated\">\n\t\t\t\t\t\t<div class=\"elementor-element elementor-element-f439aac elementor-widget elementor-widget-image\" data-id=\"f439aac\" data-element_type=\"widget\" data-widget_type=\"image.default\">\n\t\t\t\t<div class=\"elementor-widget-container\">\n\t\t\t\t\t\t\t\t\t\t\t\t\t<img decoding=\"async\" src=\"https:\/\/www.otbwaterdesign.com\/wp-content\/uploads\/2023\/10\/icon-diseno.svg\" class=\"attachment-full size-full wp-image-7842\" alt=\"\" \/>\t\t\t\t\t\t\t\t\t\t\t\t\t<\/div>\n\t\t\t\t<\/div>\n\t\t\t\t<div class=\"elementor-element elementor-element-5aa1895 elementor-widget elementor-widget-heading\" data-id=\"5aa1895\" data-element_type=\"widget\" data-widget_type=\"heading.default\">\n\t\t\t\t<div class=\"elementor-widget-container\">\n\t\t\t<h3 class=\"elementor-heading-title elementor-size-default\">DISSENY I REGULACI\u00d3<\/h3>\t\t<\/div>\n\t\t\t\t<\/div>\n\t\t\t\t<div class=\"elementor-element elementor-element-838f125 elementor-widget elementor-widget-heading\" data-id=\"838f125\" data-element_type=\"widget\" data-widget_type=\"heading.default\">\n\t\t\t\t<div class=\"elementor-widget-container\">\n\t\t\t<h4 class=\"elementor-heading-title elementor-size-default\">Disseny d'un sistema de control i regulaci\u00f3 per a motors espec\u00edfics de bombes, v\u00e0lvules i projectors LED.<\/h4>\t\t<\/div>\n\t\t\t\t<\/div>\n\t\t\t\t\t<\/div>\n\t\t<\/div>\n\t\t\t\t<div class=\"has_ae_slider elementor-column elementor-col-33 elementor-inner-column elementor-element elementor-element-5e7a390 ae-bg-gallery-type-default\" data-id=\"5e7a390\" data-element_type=\"column\" data-settings=\"{&quot;background_background&quot;:&quot;classic&quot;}\">\n\t\t\t<div class=\"elementor-widget-wrap elementor-element-populated\">\n\t\t\t\t\t\t<div class=\"elementor-element elementor-element-b71a04d elementor-widget elementor-widget-image\" data-id=\"b71a04d\" data-element_type=\"widget\" data-widget_type=\"image.default\">\n\t\t\t\t<div class=\"elementor-widget-container\">\n\t\t\t\t\t\t\t\t\t\t\t\t\t<img decoding=\"async\" src=\"https:\/\/www.otbwaterdesign.com\/wp-content\/uploads\/2023\/10\/icon-calidad.svg\" class=\"attachment-full size-full wp-image-7846\" alt=\"\" \/>\t\t\t\t\t\t\t\t\t\t\t\t\t<\/div>\n\t\t\t\t<\/div>\n\t\t\t\t<div class=\"elementor-element elementor-element-3ae057a elementor-widget elementor-widget-heading\" data-id=\"3ae057a\" data-element_type=\"widget\" data-widget_type=\"heading.default\">\n\t\t\t\t<div class=\"elementor-widget-container\">\n\t\t\t<h3 class=\"elementor-heading-title elementor-size-default\">ALTA QUALITAT<\/h3>\t\t<\/div>\n\t\t\t\t<\/div>\n\t\t\t\t<div class=\"elementor-element elementor-element-dc4920a elementor-widget elementor-widget-heading\" data-id=\"dc4920a\" data-element_type=\"widget\" data-widget_type=\"heading.default\">\n\t\t\t\t<div class=\"elementor-widget-container\">\n\t\t\t<h4 class=\"elementor-heading-title elementor-size-default\">Una infinitat de possibilitats en instal\u00b7lacions ornamentals que garanteixen una gran durabilitat i un manteniment m\u00ednim.<\/h4>\t\t<\/div>\n\t\t\t\t<\/div>\n\t\t\t\t\t<\/div>\n\t\t<\/div>\n\t\t\t\t\t<\/div>\n\t\t<\/section>\n\t\t\t\t\t<\/div>\n\t\t<\/div>\n\t\t\t\t\t<\/div>\n\t\t<\/section>\n\t\t\t\t<section data-particle_enable=\"false\" data-particle-mobile-disabled=\"false\" class=\"has_ae_slider elementor-section elementor-top-section elementor-element elementor-element-83db30f elementor-reverse-mobile elementor-section-boxed elementor-section-height-default elementor-section-height-default ae-bg-gallery-type-default\" data-id=\"83db30f\" data-element_type=\"section\" data-settings=\"{&quot;background_background&quot;:&quot;classic&quot;}\">\n\t\t\t\t\t\t<div class=\"elementor-container elementor-column-gap-default\">\n\t\t\t\t\t<div class=\"has_ae_slider elementor-column elementor-col-50 elementor-top-column elementor-element elementor-element-73a2081 ae-bg-gallery-type-default\" data-id=\"73a2081\" data-element_type=\"column\">\n\t\t\t<div class=\"elementor-widget-wrap elementor-element-populated\">\n\t\t\t\t\t\t<div class=\"elementor-element elementor-element-cbf56a7 elementor-widget elementor-widget-heading\" data-id=\"cbf56a7\" data-element_type=\"widget\" data-widget_type=\"heading.default\">\n\t\t\t\t<div class=\"elementor-widget-container\">\n\t\t\t<h3 class=\"elementor-heading-title elementor-size-default\">La nostra oferta<\/h3>\t\t<\/div>\n\t\t\t\t<\/div>\n\t\t\t\t<div class=\"elementor-element elementor-element-55f3f3d elementor-widget elementor-widget-text-editor\" data-id=\"55f3f3d\" data-element_type=\"widget\" data-widget_type=\"text-editor.default\">\n\t\t\t\t<div class=\"elementor-widget-container\">\n\t\t\t\t\t\t\t<p>Oferim un servei de manteniment i conservaci\u00f3 d&#8217;instal\u00b7lacions hidr\u00e0uliques que inclou el tractament de l&#8217;aigua per tenir cura del medi ambient.<\/p>\n<p>Fem una auditoria de la instal\u00b7laci\u00f3 perqu\u00e8 treballi en les condicions \u00f2ptimes de servei a fi d&#8217;aconseguir un estalvi energ\u00e8tic mentre est\u00e0 en funcionament.<\/p>\n<p>Tamb\u00e9 ens encarreguem del servei de neteja d&#8217;una font a la teva \u00e0rea o municipi, perqu\u00e8 estigui a punt a l&#8217;hora de fer possibles actuacions d&#8217;aigua com a atracci\u00f3 tur\u00edstica.<\/p>\n\t\t\t\t\t\t<\/div>\n\t\t\t\t<\/div>\n\t\t\t\t<div class=\"elementor-element elementor-element-3871614 elementor-align-left elementor-widget__width-auto elementor-widget elementor-widget-button\" data-id=\"3871614\" data-element_type=\"widget\" data-widget_type=\"button.default\">\n\t\t\t\t<div class=\"elementor-widget-container\">\n\t\t\t\t\t<div class=\"elementor-button-wrapper\">\n\t\t\t<a class=\"elementor-button elementor-button-link elementor-size-sm\" href=\"https:\/\/www.otbwaterdesign.com\/ca\/projectes-fonts-ornamentals\/\">\n\t\t\t\t\t\t<span class=\"elementor-button-content-wrapper\">\n\t\t\t\t\t\t\t\t\t<span class=\"elementor-button-text\">Veure projectes<\/span>\n\t\t\t\t\t<\/span>\n\t\t\t\t\t<\/a>\n\t\t<\/div>\n\t\t\t\t<\/div>\n\t\t\t\t<\/div>\n\t\t\t\t\t<\/div>\n\t\t<\/div>\n\t\t\t\t<div class=\"has_ae_slider elementor-column elementor-col-50 elementor-top-column elementor-element elementor-element-61a7241 ae-bg-gallery-type-default\" data-id=\"61a7241\" data-element_type=\"column\">\n\t\t\t<div class=\"elementor-widget-wrap elementor-element-populated\">\n\t\t\t\t\t\t<div class=\"elementor-element elementor-element-ef85936 elementor-widget elementor-widget-image\" data-id=\"ef85936\" data-element_type=\"widget\" data-widget_type=\"image.default\">\n\t\t\t\t<div class=\"elementor-widget-container\">\n\t\t\t\t\t\t\t\t\t\t\t\t\t<img decoding=\"async\" width=\"1500\" height=\"1000\" src=\"https:\/\/www.otbwaterdesign.com\/wp-content\/uploads\/2023\/10\/Mantenimiento-4.jpg\" class=\"attachment-full size-full wp-image-8110\" alt=\"\" srcset=\"https:\/\/www.otbwaterdesign.com\/wp-content\/uploads\/2023\/10\/Mantenimiento-4.jpg 1500w, https:\/\/www.otbwaterdesign.com\/wp-content\/uploads\/2023\/10\/Mantenimiento-4-300x200.jpg 300w, https:\/\/www.otbwaterdesign.com\/wp-content\/uploads\/2023\/10\/Mantenimiento-4-1024x683.jpg 1024w, https:\/\/www.otbwaterdesign.com\/wp-content\/uploads\/2023\/10\/Mantenimiento-4-768x512.jpg 768w\" sizes=\"(max-width: 1500px) 100vw, 1500px\" \/>\t\t\t\t\t\t\t\t\t\t\t\t\t<\/div>\n\t\t\t\t<\/div>\n\t\t\t\t\t<\/div>\n\t\t<\/div>\n\t\t\t\t\t<\/div>\n\t\t<\/section>\n\t\t\t\t<\/div>\n\t\t","protected":false},"excerpt":{"rendered":"<p>Manteniment de fonts ornamentals Avaluem i tenim cura de les teves instal\u00b7lacions per allargar-ne la vida \u00fatil Parque de Do\u00f1a Casilda, Bilbao La divisi\u00f3 de fonts ornamentals, integrada a COMSA SERVICE, empresa de serveis multidisciplinaris de l&#8217;\u00e0mbit del manteniment, t\u00e9 un avantatge clar enfront d&#8217;altres empreses del sector. L&#8217;experi\u00e8ncia de la nostra empresa no nom\u00e9s &#8230; <a title=\"Manteniment\" class=\"read-more\" href=\"https:\/\/www.otbwaterdesign.com\/ca\/manteniment\/\" aria-label=\"M\u00e9s informaci\u00f3 sobre Manteniment\">Read more<\/a><\/p>\n","protected":false},"author":1,"featured_media":0,"parent":0,"menu_order":0,"comment_status":"closed","ping_status":"closed","template":"elementor_header_footer","meta":{"_acf_changed":false,"footnotes":""},"acf":[],"yoast_head":"<!-- This site is optimized with the Yoast SEO Premium plugin v22.5 (Yoast SEO v22.5) - https:\/\/yoast.com\/wordpress\/plugins\/seo\/ -->\n<title>Manteniment de Fonts Ornamentals  Oficina T\u00e9cnica Buigas<\/title>\n<meta name=\"description\" content=\"Realitzem manteniment complet de fonts onramentales professionals. Servei propi amb m\u00e9s de 80 anys d&#039;experi\u00e8ncia.\" \/>\n<meta name=\"robots\" content=\"index, follow, max-snippet:-1, max-image-preview:large, max-video-preview:-1\" \/>\n<link rel=\"canonical\" href=\"https:\/\/www.otbwaterdesign.com\/ca\/manteniment\/\" \/>\n<meta property=\"og:locale\" content=\"ca_ES\" \/>\n<meta property=\"og:type\" content=\"article\" \/>\n<meta property=\"og:title\" content=\"Manteniment\" \/>\n<meta property=\"og:description\" content=\"Realitzem manteniment complet de fonts onramentales professionals. Servei propi amb m\u00e9s de 80 anys d&#039;experi\u00e8ncia.\" \/>\n<meta property=\"og:url\" content=\"https:\/\/www.otbwaterdesign.com\/ca\/manteniment\/\" \/>\n<meta property=\"og:site_name\" content=\"Oficina T\u00e9cnica Buigas\" \/>\n<meta property=\"article:modified_time\" content=\"2023-11-20T12:50:23+00:00\" \/>\n<meta property=\"og:image\" content=\"https:\/\/www.otbwaterdesign.com\/wp-content\/uploads\/2023\/10\/Mantenimiento-2.jpg\" \/>\n<meta name=\"twitter:card\" content=\"summary_large_image\" \/>\n<meta name=\"twitter:label1\" content=\"Temps estimat de lectura\" \/>\n\t<meta name=\"twitter:data1\" content=\"3 minuts\" \/>\n<script type=\"application\/ld+json\" class=\"yoast-schema-graph\">{\"@context\":\"https:\/\/schema.org\",\"@graph\":[{\"@type\":\"WebPage\",\"@id\":\"https:\/\/www.otbwaterdesign.com\/ca\/manteniment\/\",\"url\":\"https:\/\/www.otbwaterdesign.com\/ca\/manteniment\/\",\"name\":\"Manteniment de Fonts Ornamentals Oficina T\u00e9cnica Buigas\",\"isPartOf\":{\"@id\":\"https:\/\/www.otbwaterdesign.com\/ca\/#website\"},\"primaryImageOfPage\":{\"@id\":\"https:\/\/www.otbwaterdesign.com\/ca\/manteniment\/#primaryimage\"},\"image\":{\"@id\":\"https:\/\/www.otbwaterdesign.com\/ca\/manteniment\/#primaryimage\"},\"thumbnailUrl\":\"https:\/\/www.otbwaterdesign.com\/wp-content\/uploads\/2023\/10\/Mantenimiento-2.jpg\",\"datePublished\":\"2020-11-03T14:50:20+00:00\",\"dateModified\":\"2023-11-20T12:50:23+00:00\",\"description\":\"Realitzem manteniment complet de fonts onramentales professionals. Servei propi amb m\u00e9s de 80 anys d'experi\u00e8ncia.\",\"breadcrumb\":{\"@id\":\"https:\/\/www.otbwaterdesign.com\/ca\/manteniment\/#breadcrumb\"},\"inLanguage\":\"ca\",\"potentialAction\":[{\"@type\":\"ReadAction\",\"target\":[\"https:\/\/www.otbwaterdesign.com\/ca\/manteniment\/\"]}]},{\"@type\":\"ImageObject\",\"inLanguage\":\"ca\",\"@id\":\"https:\/\/www.otbwaterdesign.com\/ca\/manteniment\/#primaryimage\",\"url\":\"https:\/\/www.otbwaterdesign.com\/wp-content\/uploads\/2023\/10\/Mantenimiento-2.jpg\",\"contentUrl\":\"https:\/\/www.otbwaterdesign.com\/wp-content\/uploads\/2023\/10\/Mantenimiento-2.jpg\"},{\"@type\":\"BreadcrumbList\",\"@id\":\"https:\/\/www.otbwaterdesign.com\/ca\/manteniment\/#breadcrumb\",\"itemListElement\":[{\"@type\":\"ListItem\",\"position\":1,\"name\":\"Portada\",\"item\":\"https:\/\/www.otbwaterdesign.com\/ca\/\"},{\"@type\":\"ListItem\",\"position\":2,\"name\":\"Manteniment\"}]},{\"@type\":\"WebSite\",\"@id\":\"https:\/\/www.otbwaterdesign.com\/ca\/#website\",\"url\":\"https:\/\/www.otbwaterdesign.com\/ca\/\",\"name\":\"Oficina T\u00e9cnica Buigas\",\"description\":\"Fuentes Ornamentales OTB\",\"publisher\":{\"@id\":\"https:\/\/www.otbwaterdesign.com\/ca\/#organization\"},\"potentialAction\":[{\"@type\":\"SearchAction\",\"target\":{\"@type\":\"EntryPoint\",\"urlTemplate\":\"https:\/\/www.otbwaterdesign.com\/ca\/?s={search_term_string}\"},\"query-input\":\"required name=search_term_string\"}],\"inLanguage\":\"ca\"},{\"@type\":\"Organization\",\"@id\":\"https:\/\/www.otbwaterdesign.com\/ca\/#organization\",\"name\":\"Otb.es\",\"url\":\"https:\/\/www.otbwaterdesign.com\/ca\/\",\"logo\":{\"@type\":\"ImageObject\",\"inLanguage\":\"ca\",\"@id\":\"https:\/\/www.otbwaterdesign.com\/ca\/#\/schema\/logo\/image\/\",\"url\":\"https:\/\/www.otbwaterdesign.com\/wp-content\/uploads\/2020\/10\/OTB-Logo-2.png\",\"contentUrl\":\"https:\/\/www.otbwaterdesign.com\/wp-content\/uploads\/2020\/10\/OTB-Logo-2.png\",\"width\":216,\"height\":228,\"caption\":\"Otb.es\"},\"image\":{\"@id\":\"https:\/\/www.otbwaterdesign.com\/ca\/#\/schema\/logo\/image\/\"}}]}<\/script>\n<!-- \/ Yoast SEO Premium plugin. -->","yoast_head_json":{"title":"Manteniment de Fonts Ornamentals  Oficina T\u00e9cnica Buigas","description":"Realitzem manteniment complet de fonts onramentales professionals. Servei propi amb m\u00e9s de 80 anys d'experi\u00e8ncia.","robots":{"index":"index","follow":"follow","max-snippet":"max-snippet:-1","max-image-preview":"max-image-preview:large","max-video-preview":"max-video-preview:-1"},"canonical":"https:\/\/www.otbwaterdesign.com\/ca\/manteniment\/","og_locale":"ca_ES","og_type":"article","og_title":"Manteniment","og_description":"Realitzem manteniment complet de fonts onramentales professionals. Servei propi amb m\u00e9s de 80 anys d'experi\u00e8ncia.","og_url":"https:\/\/www.otbwaterdesign.com\/ca\/manteniment\/","og_site_name":"Oficina T\u00e9cnica Buigas","article_modified_time":"2023-11-20T12:50:23+00:00","og_image":[{"url":"https:\/\/www.otbwaterdesign.com\/wp-content\/uploads\/2023\/10\/Mantenimiento-2.jpg"}],"twitter_card":"summary_large_image","twitter_misc":{"Temps estimat de lectura":"3 minuts"},"schema":{"@context":"https:\/\/schema.org","@graph":[{"@type":"WebPage","@id":"https:\/\/www.otbwaterdesign.com\/ca\/manteniment\/","url":"https:\/\/www.otbwaterdesign.com\/ca\/manteniment\/","name":"Manteniment de Fonts Ornamentals Oficina T\u00e9cnica Buigas","isPartOf":{"@id":"https:\/\/www.otbwaterdesign.com\/ca\/#website"},"primaryImageOfPage":{"@id":"https:\/\/www.otbwaterdesign.com\/ca\/manteniment\/#primaryimage"},"image":{"@id":"https:\/\/www.otbwaterdesign.com\/ca\/manteniment\/#primaryimage"},"thumbnailUrl":"https:\/\/www.otbwaterdesign.com\/wp-content\/uploads\/2023\/10\/Mantenimiento-2.jpg","datePublished":"2020-11-03T14:50:20+00:00","dateModified":"2023-11-20T12:50:23+00:00","description":"Realitzem manteniment complet de fonts onramentales professionals. Servei propi amb m\u00e9s de 80 anys d'experi\u00e8ncia.","breadcrumb":{"@id":"https:\/\/www.otbwaterdesign.com\/ca\/manteniment\/#breadcrumb"},"inLanguage":"ca","potentialAction":[{"@type":"ReadAction","target":["https:\/\/www.otbwaterdesign.com\/ca\/manteniment\/"]}]},{"@type":"ImageObject","inLanguage":"ca","@id":"https:\/\/www.otbwaterdesign.com\/ca\/manteniment\/#primaryimage","url":"https:\/\/www.otbwaterdesign.com\/wp-content\/uploads\/2023\/10\/Mantenimiento-2.jpg","contentUrl":"https:\/\/www.otbwaterdesign.com\/wp-content\/uploads\/2023\/10\/Mantenimiento-2.jpg"},{"@type":"BreadcrumbList","@id":"https:\/\/www.otbwaterdesign.com\/ca\/manteniment\/#breadcrumb","itemListElement":[{"@type":"ListItem","position":1,"name":"Portada","item":"https:\/\/www.otbwaterdesign.com\/ca\/"},{"@type":"ListItem","position":2,"name":"Manteniment"}]},{"@type":"WebSite","@id":"https:\/\/www.otbwaterdesign.com\/ca\/#website","url":"https:\/\/www.otbwaterdesign.com\/ca\/","name":"Oficina T\u00e9cnica Buigas","description":"Fuentes Ornamentales OTB","publisher":{"@id":"https:\/\/www.otbwaterdesign.com\/ca\/#organization"},"potentialAction":[{"@type":"SearchAction","target":{"@type":"EntryPoint","urlTemplate":"https:\/\/www.otbwaterdesign.com\/ca\/?s={search_term_string}"},"query-input":"required name=search_term_string"}],"inLanguage":"ca"},{"@type":"Organization","@id":"https:\/\/www.otbwaterdesign.com\/ca\/#organization","name":"Otb.es","url":"https:\/\/www.otbwaterdesign.com\/ca\/","logo":{"@type":"ImageObject","inLanguage":"ca","@id":"https:\/\/www.otbwaterdesign.com\/ca\/#\/schema\/logo\/image\/","url":"https:\/\/www.otbwaterdesign.com\/wp-content\/uploads\/2020\/10\/OTB-Logo-2.png","contentUrl":"https:\/\/www.otbwaterdesign.com\/wp-content\/uploads\/2020\/10\/OTB-Logo-2.png","width":216,"height":228,"caption":"Otb.es"},"image":{"@id":"https:\/\/www.otbwaterdesign.com\/ca\/#\/schema\/logo\/image\/"}}]}},"_links":{"self":[{"href":"https:\/\/www.otbwaterdesign.com\/ca\/wp-json\/wp\/v2\/pages\/1118"}],"collection":[{"href":"https:\/\/www.otbwaterdesign.com\/ca\/wp-json\/wp\/v2\/pages"}],"about":[{"href":"https:\/\/www.otbwaterdesign.com\/ca\/wp-json\/wp\/v2\/types\/page"}],"author":[{"embeddable":true,"href":"https:\/\/www.otbwaterdesign.com\/ca\/wp-json\/wp\/v2\/users\/1"}],"replies":[{"embeddable":true,"href":"https:\/\/www.otbwaterdesign.com\/ca\/wp-json\/wp\/v2\/comments?post=1118"}],"version-history":[{"count":6,"href":"https:\/\/www.otbwaterdesign.com\/ca\/wp-json\/wp\/v2\/pages\/1118\/revisions"}],"predecessor-version":[{"id":9623,"href":"https:\/\/www.otbwaterdesign.com\/ca\/wp-json\/wp\/v2\/pages\/1118\/revisions\/9623"}],"wp:attachment":[{"href":"https:\/\/www.otbwaterdesign.com\/ca\/wp-json\/wp\/v2\/media?parent=1118"}],"curies":[{"name":"wp","href":"https:\/\/api.w.org\/{rel}","templated":true}]}}