{"id":11211,"date":"2024-01-16T12:24:18","date_gmt":"2024-01-16T12:24:18","guid":{"rendered":"https:\/\/www.otbwaterdesign.com\/blog\/"},"modified":"2024-01-31T10:22:41","modified_gmt":"2024-01-31T10:22:41","slug":"blog","status":"publish","type":"page","link":"https:\/\/www.otbwaterdesign.com\/ca\/blog\/","title":{"rendered":"Blog"},"content":{"rendered":"\t\t<div data-elementor-type=\"wp-page\" data-elementor-id=\"11211\" class=\"elementor elementor-11211 elementor-6787\" data-elementor-post-type=\"page\">\n\t\t\t\t\t\t<section data-particle_enable=\"false\" data-particle-mobile-disabled=\"false\" class=\"has_ae_slider elementor-section elementor-top-section elementor-element elementor-element-d859272 elementor-section-full_width elementor-section-height-default elementor-section-height-default ae-bg-gallery-type-default\" data-id=\"d859272\" data-element_type=\"section\" data-settings=\"{&quot;background_background&quot;:&quot;classic&quot;}\">\n\t\t\t\t\t\t<div class=\"elementor-container elementor-column-gap-default\">\n\t\t\t\t\t<div class=\"has_ae_slider elementor-column elementor-col-100 elementor-top-column elementor-element elementor-element-4969840 ae-bg-gallery-type-default\" data-id=\"4969840\" data-element_type=\"column\">\n\t\t\t<div class=\"elementor-widget-wrap elementor-element-populated\">\n\t\t\t\t\t\t<section data-particle_enable=\"false\" data-particle-mobile-disabled=\"false\" class=\"has_ae_slider elementor-section elementor-inner-section elementor-element elementor-element-071aaf2 elementor-section-boxed elementor-section-height-default elementor-section-height-default ae-bg-gallery-type-default\" data-id=\"071aaf2\" data-element_type=\"section\">\n\t\t\t\t\t\t<div class=\"elementor-container elementor-column-gap-default\">\n\t\t\t\t\t<div class=\"has_ae_slider elementor-column elementor-col-100 elementor-inner-column elementor-element elementor-element-a28097d ae-bg-gallery-type-default\" data-id=\"a28097d\" data-element_type=\"column\">\n\t\t\t<div class=\"elementor-widget-wrap elementor-element-populated\">\n\t\t\t\t\t\t<div class=\"elementor-element elementor-element-7129a3a elementor-invisible elementor-widget elementor-widget-heading\" data-id=\"7129a3a\" data-element_type=\"widget\" data-settings=\"{&quot;_animation&quot;:&quot;fadeInDown&quot;}\" data-widget_type=\"heading.default\">\n\t\t\t\t<div class=\"elementor-widget-container\">\n\t\t\t<h1 class=\"elementor-heading-title elementor-size-default\">Blog OTB<\/h1>\t\t<\/div>\n\t\t\t\t<\/div>\n\t\t\t\t\t<\/div>\n\t\t<\/div>\n\t\t\t\t\t<\/div>\n\t\t<\/section>\n\t\t\t\t\t<\/div>\n\t\t<\/div>\n\t\t\t\t\t<\/div>\n\t\t<\/section>\n\t\t\t\t<section data-particle_enable=\"false\" data-particle-mobile-disabled=\"false\" class=\"has_ae_slider elementor-section elementor-top-section elementor-element elementor-element-65c3141 elementor-section-boxed elementor-section-height-default elementor-section-height-default ae-bg-gallery-type-default\" data-id=\"65c3141\" data-element_type=\"section\">\n\t\t\t\t\t\t<div class=\"elementor-container elementor-column-gap-default\">\n\t\t\t\t\t<div class=\"has_ae_slider elementor-column elementor-col-100 elementor-top-column elementor-element elementor-element-13d55e8 ae-bg-gallery-type-default elementor-invisible\" data-id=\"13d55e8\" data-element_type=\"column\" data-settings=\"{&quot;animation&quot;:&quot;fadeIn&quot;}\">\n\t\t\t<div class=\"elementor-widget-wrap elementor-element-populated\">\n\t\t\t\t\t\t<div class=\"elementor-element elementor-element-26fd78a elementor-posts--align-left elementor-grid-3 elementor-grid-tablet-2 elementor-grid-mobile-1 elementor-posts--thumbnail-top elementor-widget elementor-widget-posts\" data-id=\"26fd78a\" data-element_type=\"widget\" data-settings=\"{&quot;pagination_type&quot;:&quot;numbers&quot;,&quot;classic_row_gap&quot;:{&quot;unit&quot;:&quot;px&quot;,&quot;size&quot;:60,&quot;sizes&quot;:[]},&quot;classic_columns&quot;:&quot;3&quot;,&quot;classic_columns_tablet&quot;:&quot;2&quot;,&quot;classic_columns_mobile&quot;:&quot;1&quot;,&quot;classic_row_gap_laptop&quot;:{&quot;unit&quot;:&quot;px&quot;,&quot;size&quot;:&quot;&quot;,&quot;sizes&quot;:[]},&quot;classic_row_gap_tablet&quot;:{&quot;unit&quot;:&quot;px&quot;,&quot;size&quot;:&quot;&quot;,&quot;sizes&quot;:[]},&quot;classic_row_gap_mobile&quot;:{&quot;unit&quot;:&quot;px&quot;,&quot;size&quot;:&quot;&quot;,&quot;sizes&quot;:[]}}\" data-widget_type=\"posts.classic\">\n\t\t\t\t<div class=\"elementor-widget-container\">\n\t\t\t\t\t<div class=\"elementor-posts-container elementor-posts elementor-posts--skin-classic elementor-grid\">\n\t\t\t\t<article class=\"elementor-post elementor-grid-item post-13219 post type-post status-publish format-standard has-post-thumbnail hentry\">\n\t\t\t\t<a class=\"elementor-post__thumbnail__link\" href=\"https:\/\/www.otbwaterdesign.com\/ca\/top-5-de-fonts-led-dexterior-per-al-teu-jardi\/\" tabindex=\"-1\" >\n\t\t\t<div class=\"elementor-post__thumbnail\"><img fetchpriority=\"high\" decoding=\"async\" width=\"640\" height=\"427\" src=\"https:\/\/www.otbwaterdesign.com\/wp-content\/uploads\/2026\/03\/Fuente-de-agua.jpg\" class=\"attachment-full size-full wp-image-13214\" alt=\"Fuente de agua\" srcset=\"https:\/\/www.otbwaterdesign.com\/wp-content\/uploads\/2026\/03\/Fuente-de-agua.jpg 640w, https:\/\/www.otbwaterdesign.com\/wp-content\/uploads\/2026\/03\/Fuente-de-agua-300x200.jpg 300w\" sizes=\"(max-width: 640px) 100vw, 640px\" \/><\/div>\n\t\t<\/a>\n\t\t\t\t<div class=\"elementor-post__text\">\n\t\t\t\t<h3 class=\"elementor-post__title\">\n\t\t\t<a href=\"https:\/\/www.otbwaterdesign.com\/ca\/top-5-de-fonts-led-dexterior-per-al-teu-jardi\/\" >\n\t\t\t\tTop 5 de fonts LED d\u2019exterior per al teu jard\u00ed\t\t\t<\/a>\n\t\t<\/h3>\n\t\t\t\t<div class=\"elementor-post__meta-data\">\n\t\t\t\t\t<span class=\"elementor-post-date\">\n\t\t\t02\/03\/2026\t\t<\/span>\n\t\t\t\t<\/div>\n\t\t\t\t<div class=\"elementor-post__excerpt\">\n\t\t\t<p>Les fonts LED d\u2019exterior s\u2019han fet populars al llarg dels anys en jardins, terrasses i patis. Agraden especialment pel joc que es crea entre l\u2019aigua i la llum, generant una ambientaci\u00f3 especial tant de dia com de nit. Gr\u00e0cies a<\/p>\n\t\t<\/div>\n\t\t\t\t<\/div>\n\t\t\t\t<\/article>\n\t\t\t\t<article class=\"elementor-post elementor-grid-item post-13210 post type-post status-publish format-standard has-post-thumbnail hentry category-fuentes-ornamentales-urbanas\">\n\t\t\t\t<a class=\"elementor-post__thumbnail__link\" href=\"https:\/\/www.otbwaterdesign.com\/ca\/els-avantatges-duna-font-daigua-decorativa-dexterior-a-casa-teva\/\" tabindex=\"-1\" >\n\t\t\t<div class=\"elementor-post__thumbnail\"><img decoding=\"async\" width=\"640\" height=\"480\" src=\"https:\/\/www.otbwaterdesign.com\/wp-content\/uploads\/2025\/09\/muro-de-agua-exterior.jpg\" class=\"attachment-full size-full wp-image-13071\" alt=\"muro de agua exterior\" srcset=\"https:\/\/www.otbwaterdesign.com\/wp-content\/uploads\/2025\/09\/muro-de-agua-exterior.jpg 640w, https:\/\/www.otbwaterdesign.com\/wp-content\/uploads\/2025\/09\/muro-de-agua-exterior-300x225.jpg 300w\" sizes=\"(max-width: 640px) 100vw, 640px\" \/><\/div>\n\t\t<\/a>\n\t\t\t\t<div class=\"elementor-post__text\">\n\t\t\t\t<h3 class=\"elementor-post__title\">\n\t\t\t<a href=\"https:\/\/www.otbwaterdesign.com\/ca\/els-avantatges-duna-font-daigua-decorativa-dexterior-a-casa-teva\/\" >\n\t\t\t\tEls avantatges d\u2019una font d\u2019aigua decorativa d\u2019exterior a casa teva\t\t\t<\/a>\n\t\t<\/h3>\n\t\t\t\t<div class=\"elementor-post__meta-data\">\n\t\t\t\t\t<span class=\"elementor-post-date\">\n\t\t\t02\/03\/2026\t\t<\/span>\n\t\t\t\t<\/div>\n\t\t\t\t<div class=\"elementor-post__excerpt\">\n\t\t\t<p>Instal\u00b7lar una font d\u2019aigua decorativa d\u2019exterior a casa teva \u00e9s molt m\u00e9s que afegir un element decoratiu: \u00e9s transformar l\u2019espai exterior en un lloc ple d\u2019encant i benestar. Gr\u00e0cies al moviment de l\u2019aigua i al seu so, una font d\u2019aigua<\/p>\n\t\t<\/div>\n\t\t\t\t<\/div>\n\t\t\t\t<\/article>\n\t\t\t\t<article class=\"elementor-post elementor-grid-item post-13203 post type-post status-publish format-standard has-post-thumbnail hentry category-illuminacio-ornamental\">\n\t\t\t\t<a class=\"elementor-post__thumbnail__link\" href=\"https:\/\/www.otbwaterdesign.com\/ca\/per-que-installar-illuminacio-a-la-teva-font\/\" tabindex=\"-1\" >\n\t\t\t<div class=\"elementor-post__thumbnail\"><img decoding=\"async\" width=\"640\" height=\"356\" src=\"https:\/\/www.otbwaterdesign.com\/wp-content\/uploads\/2026\/03\/iluminacion-para-tu-fuente.jpg\" class=\"attachment-full size-full wp-image-13197\" alt=\"iluminacio\u0301n para tu fuente\" srcset=\"https:\/\/www.otbwaterdesign.com\/wp-content\/uploads\/2026\/03\/iluminacion-para-tu-fuente.jpg 640w, https:\/\/www.otbwaterdesign.com\/wp-content\/uploads\/2026\/03\/iluminacion-para-tu-fuente-300x167.jpg 300w\" sizes=\"(max-width: 640px) 100vw, 640px\" \/><\/div>\n\t\t<\/a>\n\t\t\t\t<div class=\"elementor-post__text\">\n\t\t\t\t<h3 class=\"elementor-post__title\">\n\t\t\t<a href=\"https:\/\/www.otbwaterdesign.com\/ca\/per-que-installar-illuminacio-a-la-teva-font\/\" >\n\t\t\t\tPer qu\u00e8 instal\u00b7lar il\u00b7luminaci\u00f3 a la teva font?\t\t\t<\/a>\n\t\t<\/h3>\n\t\t\t\t<div class=\"elementor-post__meta-data\">\n\t\t\t\t\t<span class=\"elementor-post-date\">\n\t\t\t02\/03\/2026\t\t<\/span>\n\t\t\t\t<\/div>\n\t\t\t\t<div class=\"elementor-post__excerpt\">\n\t\t\t<p>Les fonts decoratives s\u00f3n conegudes per la seva eleg\u00e0ncia; a m\u00e9s, aporten frescor i moviment a jardins, patis o espais p\u00fablics. Tanmateix, a la nit moltes d\u2019elles passen a un segon pla si no disposen d\u2019una il\u00b7luminaci\u00f3 adequada. Per poder<\/p>\n\t\t<\/div>\n\t\t\t\t<\/div>\n\t\t\t\t<\/article>\n\t\t\t\t<article class=\"elementor-post elementor-grid-item post-13090 post type-post status-publish format-standard has-post-thumbnail hentry\">\n\t\t\t\t<a class=\"elementor-post__thumbnail__link\" href=\"https:\/\/www.otbwaterdesign.com\/ca\/com-integrar-un-mur-daigua-interior-en-una-decoracio-moderna\/\" tabindex=\"-1\" >\n\t\t\t<div class=\"elementor-post__thumbnail\"><img loading=\"lazy\" decoding=\"async\" width=\"1600\" height=\"902\" src=\"https:\/\/www.otbwaterdesign.com\/wp-content\/uploads\/2025\/09\/Cortina_superior.webp\" class=\"attachment-full size-full wp-image-13082\" alt=\"Cortina_superior\" srcset=\"https:\/\/www.otbwaterdesign.com\/wp-content\/uploads\/2025\/09\/Cortina_superior.webp 1600w, https:\/\/www.otbwaterdesign.com\/wp-content\/uploads\/2025\/09\/Cortina_superior-300x169.webp 300w, https:\/\/www.otbwaterdesign.com\/wp-content\/uploads\/2025\/09\/Cortina_superior-1024x577.webp 1024w, https:\/\/www.otbwaterdesign.com\/wp-content\/uploads\/2025\/09\/Cortina_superior-768x433.webp 768w, https:\/\/www.otbwaterdesign.com\/wp-content\/uploads\/2025\/09\/Cortina_superior-1536x866.webp 1536w\" sizes=\"(max-width: 1600px) 100vw, 1600px\" \/><\/div>\n\t\t<\/a>\n\t\t\t\t<div class=\"elementor-post__text\">\n\t\t\t\t<h3 class=\"elementor-post__title\">\n\t\t\t<a href=\"https:\/\/www.otbwaterdesign.com\/ca\/com-integrar-un-mur-daigua-interior-en-una-decoracio-moderna\/\" >\n\t\t\t\tCom integrar un mur d\u2019aigua interior en una decoraci\u00f3 moderna\t\t\t<\/a>\n\t\t<\/h3>\n\t\t\t\t<div class=\"elementor-post__meta-data\">\n\t\t\t\t\t<span class=\"elementor-post-date\">\n\t\t\t22\/09\/2025\t\t<\/span>\n\t\t\t\t<\/div>\n\t\t\t\t<div class=\"elementor-post__excerpt\">\n\t\t\t<p>Els murs d\u2019aigua interiors s\u00f3n cada vegada m\u00e9s utilitzats en habitatges per\u00f2 tamb\u00e9 en espais oberts. Creen un ambient especialment relaxant i elegant amb el moviment continu de l\u2019aigua. Potser est\u00e0s pensant a reformar una part de casa teva; en<\/p>\n\t\t<\/div>\n\t\t\t\t<\/div>\n\t\t\t\t<\/article>\n\t\t\t\t<article class=\"elementor-post elementor-grid-item post-13077 post type-post status-publish format-standard has-post-thumbnail hentry\">\n\t\t\t\t<a class=\"elementor-post__thumbnail__link\" href=\"https:\/\/www.otbwaterdesign.com\/ca\/mur-daigua-exterior-solar-una-opcio-ecologica-i-estetica\/\" tabindex=\"-1\" >\n\t\t\t<div class=\"elementor-post__thumbnail\"><img loading=\"lazy\" decoding=\"async\" width=\"669\" height=\"542\" src=\"https:\/\/www.otbwaterdesign.com\/wp-content\/uploads\/2025\/09\/muro_de_agua_render_3.webp\" class=\"attachment-full size-full wp-image-13086\" alt=\"muro_de_agua_render_3\" srcset=\"https:\/\/www.otbwaterdesign.com\/wp-content\/uploads\/2025\/09\/muro_de_agua_render_3.webp 669w, https:\/\/www.otbwaterdesign.com\/wp-content\/uploads\/2025\/09\/muro_de_agua_render_3-300x243.webp 300w\" sizes=\"(max-width: 669px) 100vw, 669px\" \/><\/div>\n\t\t<\/a>\n\t\t\t\t<div class=\"elementor-post__text\">\n\t\t\t\t<h3 class=\"elementor-post__title\">\n\t\t\t<a href=\"https:\/\/www.otbwaterdesign.com\/ca\/mur-daigua-exterior-solar-una-opcio-ecologica-i-estetica\/\" >\n\t\t\t\tMur d\u2019aigua exterior solar: una opci\u00f3 ecol\u00f2gica i est\u00e8tica\t\t\t<\/a>\n\t\t<\/h3>\n\t\t\t\t<div class=\"elementor-post__meta-data\">\n\t\t\t\t\t<span class=\"elementor-post-date\">\n\t\t\t22\/09\/2025\t\t<\/span>\n\t\t\t\t<\/div>\n\t\t\t\t<div class=\"elementor-post__excerpt\">\n\t\t\t<p>Una de les decoracions d\u2019exterior que cada cop \u00e9s m\u00e9s coneguda s\u00f3n els murs d\u2019aigua, tant per a terrasses, jardins com patis. A m\u00e9s de ser est\u00e8tics i atractius, poden respectar el medi ambient, ja que funcionen amb energia solar.<\/p>\n\t\t<\/div>\n\t\t\t\t<\/div>\n\t\t\t\t<\/article>\n\t\t\t\t<article class=\"elementor-post elementor-grid-item post-13024 post type-post status-publish format-standard has-post-thumbnail hentry category-illuminacio-ornamental\">\n\t\t\t\t<a class=\"elementor-post__thumbnail__link\" href=\"https:\/\/www.otbwaterdesign.com\/ca\/efectes-dilluminacio-ornamental-la-llum-que-transforma-espais\/\" tabindex=\"-1\" >\n\t\t\t<div class=\"elementor-post__thumbnail\"><img loading=\"lazy\" decoding=\"async\" width=\"1642\" height=\"1232\" src=\"https:\/\/www.otbwaterdesign.com\/wp-content\/uploads\/2025\/03\/DJI_0727.jpg\" class=\"attachment-full size-full wp-image-12479\" alt=\"\" srcset=\"https:\/\/www.otbwaterdesign.com\/wp-content\/uploads\/2025\/03\/DJI_0727.jpg 1642w, https:\/\/www.otbwaterdesign.com\/wp-content\/uploads\/2025\/03\/DJI_0727-300x225.jpg 300w, https:\/\/www.otbwaterdesign.com\/wp-content\/uploads\/2025\/03\/DJI_0727-1024x768.jpg 1024w, https:\/\/www.otbwaterdesign.com\/wp-content\/uploads\/2025\/03\/DJI_0727-768x576.jpg 768w, https:\/\/www.otbwaterdesign.com\/wp-content\/uploads\/2025\/03\/DJI_0727-1536x1152.jpg 1536w\" sizes=\"(max-width: 1642px) 100vw, 1642px\" \/><\/div>\n\t\t<\/a>\n\t\t\t\t<div class=\"elementor-post__text\">\n\t\t\t\t<h3 class=\"elementor-post__title\">\n\t\t\t<a href=\"https:\/\/www.otbwaterdesign.com\/ca\/efectes-dilluminacio-ornamental-la-llum-que-transforma-espais\/\" >\n\t\t\t\tEfectes d\u2019il\u00b7luminaci\u00f3 ornamental: la llum que transforma espais\t\t\t<\/a>\n\t\t<\/h3>\n\t\t\t\t<div class=\"elementor-post__meta-data\">\n\t\t\t\t\t<span class=\"elementor-post-date\">\n\t\t\t29\/08\/2025\t\t<\/span>\n\t\t\t\t<\/div>\n\t\t\t\t<div class=\"elementor-post__excerpt\">\n\t\t\t<p>Des de l\u2019Oficina T\u00e8cnica Buigas entenem la il\u00b7luminaci\u00f3 ornamental com una eina art\u00edstica i t\u00e8cnica capa\u00e7 de canviar la percepci\u00f3 d\u2019un espai, potenciar-ne el valor est\u00e8tic i generar emocions memorables en qui el visita. Al llarg de gaireb\u00e9 100 anys,<\/p>\n\t\t<\/div>\n\t\t\t\t<\/div>\n\t\t\t\t<\/article>\n\t\t\t\t<\/div>\n\t\t\n\t\t\t\t<div class=\"e-load-more-anchor\" data-page=\"1\" data-max-page=\"6\" data-next-page=\"https:\/\/www.otbwaterdesign.com\/ca\/wp-json\/wp\/v2\/pages\/11211\/page\/2\/\"><\/div>\n\t\t\t\t<nav class=\"elementor-pagination\" aria-label=\"Paginaci\u00f3\">\n\t\t\t<span aria-current=\"page\" class=\"page-numbers current\"><span class=\"elementor-screen-only\">P\u00e0gina<\/span>1<\/span>\n<a class=\"page-numbers\" href=\"https:\/\/www.otbwaterdesign.com\/ca\/wp-json\/wp\/v2\/pages\/11211\/page\/2\/\"><span class=\"elementor-screen-only\">P\u00e0gina<\/span>2<\/a>\n<a class=\"page-numbers\" href=\"https:\/\/www.otbwaterdesign.com\/ca\/wp-json\/wp\/v2\/pages\/11211\/page\/3\/\"><span class=\"elementor-screen-only\">P\u00e0gina<\/span>3<\/a>\n<span class=\"page-numbers dots\">&hellip;<\/span>\n<a class=\"page-numbers\" href=\"https:\/\/www.otbwaterdesign.com\/ca\/wp-json\/wp\/v2\/pages\/11211\/page\/6\/\"><span class=\"elementor-screen-only\">P\u00e0gina<\/span>6<\/a>\t\t<\/nav>\n\t\t\t\t<\/div>\n\t\t\t\t<\/div>\n\t\t\t\t\t<\/div>\n\t\t<\/div>\n\t\t\t\t\t<\/div>\n\t\t<\/section>\n\t\t\t\t<\/div>\n\t\t","protected":false},"excerpt":{"rendered":"<p>Blog OTB<\/p>\n","protected":false},"author":1,"featured_media":0,"parent":0,"menu_order":0,"comment_status":"closed","ping_status":"closed","template":"elementor_header_footer","meta":{"_acf_changed":false,"footnotes":""},"acf":[],"yoast_head":"<!-- This site is optimized with the Yoast SEO Premium plugin v22.5 (Yoast SEO v22.5) - https:\/\/yoast.com\/wordpress\/plugins\/seo\/ -->\n<title>Blog - Oficina T\u00e9cnica Buigas<\/title>\n<meta name=\"robots\" content=\"index, follow, max-snippet:-1, max-image-preview:large, max-video-preview:-1\" \/>\n<link rel=\"canonical\" href=\"https:\/\/www.otbwaterdesign.com\/ca\/blog\/\" \/>\n<meta property=\"og:locale\" content=\"ca_ES\" \/>\n<meta property=\"og:type\" content=\"article\" \/>\n<meta property=\"og:title\" content=\"Blog\" \/>\n<meta property=\"og:description\" content=\"Blog OTB\" \/>\n<meta property=\"og:url\" content=\"https:\/\/www.otbwaterdesign.com\/ca\/blog\/\" \/>\n<meta property=\"og:site_name\" content=\"Oficina T\u00e9cnica Buigas\" \/>\n<meta property=\"article:modified_time\" content=\"2024-01-31T10:22:41+00:00\" \/>\n<meta name=\"twitter:card\" content=\"summary_large_image\" \/>\n<script type=\"application\/ld+json\" class=\"yoast-schema-graph\">{\"@context\":\"https:\/\/schema.org\",\"@graph\":[{\"@type\":\"WebPage\",\"@id\":\"https:\/\/www.otbwaterdesign.com\/ca\/blog\/\",\"url\":\"https:\/\/www.otbwaterdesign.com\/ca\/blog\/\",\"name\":\"Blog - Oficina T\u00e9cnica Buigas\",\"isPartOf\":{\"@id\":\"https:\/\/www.otbwaterdesign.com\/ca\/#website\"},\"datePublished\":\"2024-01-16T12:24:18+00:00\",\"dateModified\":\"2024-01-31T10:22:41+00:00\",\"breadcrumb\":{\"@id\":\"https:\/\/www.otbwaterdesign.com\/ca\/blog\/#breadcrumb\"},\"inLanguage\":\"ca\",\"potentialAction\":[{\"@type\":\"ReadAction\",\"target\":[\"https:\/\/www.otbwaterdesign.com\/ca\/blog\/\"]}]},{\"@type\":\"BreadcrumbList\",\"@id\":\"https:\/\/www.otbwaterdesign.com\/ca\/blog\/#breadcrumb\",\"itemListElement\":[{\"@type\":\"ListItem\",\"position\":1,\"name\":\"Portada\",\"item\":\"https:\/\/www.otbwaterdesign.com\/ca\/\"},{\"@type\":\"ListItem\",\"position\":2,\"name\":\"Blog\"}]},{\"@type\":\"WebSite\",\"@id\":\"https:\/\/www.otbwaterdesign.com\/ca\/#website\",\"url\":\"https:\/\/www.otbwaterdesign.com\/ca\/\",\"name\":\"Oficina T\u00e9cnica Buigas\",\"description\":\"Fuentes Ornamentales OTB\",\"publisher\":{\"@id\":\"https:\/\/www.otbwaterdesign.com\/ca\/#organization\"},\"potentialAction\":[{\"@type\":\"SearchAction\",\"target\":{\"@type\":\"EntryPoint\",\"urlTemplate\":\"https:\/\/www.otbwaterdesign.com\/ca\/?s={search_term_string}\"},\"query-input\":\"required name=search_term_string\"}],\"inLanguage\":\"ca\"},{\"@type\":\"Organization\",\"@id\":\"https:\/\/www.otbwaterdesign.com\/ca\/#organization\",\"name\":\"Otb.es\",\"url\":\"https:\/\/www.otbwaterdesign.com\/ca\/\",\"logo\":{\"@type\":\"ImageObject\",\"inLanguage\":\"ca\",\"@id\":\"https:\/\/www.otbwaterdesign.com\/ca\/#\/schema\/logo\/image\/\",\"url\":\"https:\/\/www.otbwaterdesign.com\/wp-content\/uploads\/2020\/10\/OTB-Logo-2.png\",\"contentUrl\":\"https:\/\/www.otbwaterdesign.com\/wp-content\/uploads\/2020\/10\/OTB-Logo-2.png\",\"width\":216,\"height\":228,\"caption\":\"Otb.es\"},\"image\":{\"@id\":\"https:\/\/www.otbwaterdesign.com\/ca\/#\/schema\/logo\/image\/\"}}]}<\/script>\n<!-- \/ Yoast SEO Premium plugin. -->","yoast_head_json":{"title":"Blog - Oficina T\u00e9cnica Buigas","robots":{"index":"index","follow":"follow","max-snippet":"max-snippet:-1","max-image-preview":"max-image-preview:large","max-video-preview":"max-video-preview:-1"},"canonical":"https:\/\/www.otbwaterdesign.com\/ca\/blog\/","og_locale":"ca_ES","og_type":"article","og_title":"Blog","og_description":"Blog OTB","og_url":"https:\/\/www.otbwaterdesign.com\/ca\/blog\/","og_site_name":"Oficina T\u00e9cnica Buigas","article_modified_time":"2024-01-31T10:22:41+00:00","twitter_card":"summary_large_image","schema":{"@context":"https:\/\/schema.org","@graph":[{"@type":"WebPage","@id":"https:\/\/www.otbwaterdesign.com\/ca\/blog\/","url":"https:\/\/www.otbwaterdesign.com\/ca\/blog\/","name":"Blog - Oficina T\u00e9cnica Buigas","isPartOf":{"@id":"https:\/\/www.otbwaterdesign.com\/ca\/#website"},"datePublished":"2024-01-16T12:24:18+00:00","dateModified":"2024-01-31T10:22:41+00:00","breadcrumb":{"@id":"https:\/\/www.otbwaterdesign.com\/ca\/blog\/#breadcrumb"},"inLanguage":"ca","potentialAction":[{"@type":"ReadAction","target":["https:\/\/www.otbwaterdesign.com\/ca\/blog\/"]}]},{"@type":"BreadcrumbList","@id":"https:\/\/www.otbwaterdesign.com\/ca\/blog\/#breadcrumb","itemListElement":[{"@type":"ListItem","position":1,"name":"Portada","item":"https:\/\/www.otbwaterdesign.com\/ca\/"},{"@type":"ListItem","position":2,"name":"Blog"}]},{"@type":"WebSite","@id":"https:\/\/www.otbwaterdesign.com\/ca\/#website","url":"https:\/\/www.otbwaterdesign.com\/ca\/","name":"Oficina T\u00e9cnica Buigas","description":"Fuentes Ornamentales OTB","publisher":{"@id":"https:\/\/www.otbwaterdesign.com\/ca\/#organization"},"potentialAction":[{"@type":"SearchAction","target":{"@type":"EntryPoint","urlTemplate":"https:\/\/www.otbwaterdesign.com\/ca\/?s={search_term_string}"},"query-input":"required name=search_term_string"}],"inLanguage":"ca"},{"@type":"Organization","@id":"https:\/\/www.otbwaterdesign.com\/ca\/#organization","name":"Otb.es","url":"https:\/\/www.otbwaterdesign.com\/ca\/","logo":{"@type":"ImageObject","inLanguage":"ca","@id":"https:\/\/www.otbwaterdesign.com\/ca\/#\/schema\/logo\/image\/","url":"https:\/\/www.otbwaterdesign.com\/wp-content\/uploads\/2020\/10\/OTB-Logo-2.png","contentUrl":"https:\/\/www.otbwaterdesign.com\/wp-content\/uploads\/2020\/10\/OTB-Logo-2.png","width":216,"height":228,"caption":"Otb.es"},"image":{"@id":"https:\/\/www.otbwaterdesign.com\/ca\/#\/schema\/logo\/image\/"}}]}},"_links":{"self":[{"href":"https:\/\/www.otbwaterdesign.com\/ca\/wp-json\/wp\/v2\/pages\/11211"}],"collection":[{"href":"https:\/\/www.otbwaterdesign.com\/ca\/wp-json\/wp\/v2\/pages"}],"about":[{"href":"https:\/\/www.otbwaterdesign.com\/ca\/wp-json\/wp\/v2\/types\/page"}],"author":[{"embeddable":true,"href":"https:\/\/www.otbwaterdesign.com\/ca\/wp-json\/wp\/v2\/users\/1"}],"replies":[{"embeddable":true,"href":"https:\/\/www.otbwaterdesign.com\/ca\/wp-json\/wp\/v2\/comments?post=11211"}],"version-history":[{"count":2,"href":"https:\/\/www.otbwaterdesign.com\/ca\/wp-json\/wp\/v2\/pages\/11211\/revisions"}],"predecessor-version":[{"id":11257,"href":"https:\/\/www.otbwaterdesign.com\/ca\/wp-json\/wp\/v2\/pages\/11211\/revisions\/11257"}],"wp:attachment":[{"href":"https:\/\/www.otbwaterdesign.com\/ca\/wp-json\/wp\/v2\/media?parent=11211"}],"curies":[{"name":"wp","href":"https:\/\/api.w.org\/{rel}","templated":true}]}}