{"id":992,"date":"2020-11-03T11:58:59","date_gmt":"2020-11-03T11:58:59","guid":{"rendered":"http:\/\/perer5.sg-host.com\/politica-de-galetes-cookies\/"},"modified":"2023-03-15T12:25:58","modified_gmt":"2023-03-15T12:25:58","slug":"politica-de-galetes-cookies","status":"publish","type":"page","link":"https:\/\/www.otbwaterdesign.com\/ca\/politica-de-galetes-cookies\/","title":{"rendered":"Pol\u00edtica de Cookies"},"content":{"rendered":"\t\t<div data-elementor-type=\"wp-page\" data-elementor-id=\"992\" class=\"elementor elementor-992 elementor-310\" data-elementor-post-type=\"page\">\n\t\t\t\t\t\t<section data-particle_enable=\"false\" data-particle-mobile-disabled=\"false\" class=\"has_ae_slider elementor-section elementor-top-section elementor-element elementor-element-a21c2c3 elementor-section-boxed elementor-section-height-default elementor-section-height-default ae-bg-gallery-type-default\" data-id=\"a21c2c3\" data-element_type=\"section\" data-settings=\"{&quot;background_background&quot;:&quot;classic&quot;}\">\n\t\t\t\t\t\t<div class=\"elementor-container elementor-column-gap-default\">\n\t\t\t\t\t<div class=\"has_ae_slider elementor-column elementor-col-100 elementor-top-column elementor-element elementor-element-45d0cec ae-bg-gallery-type-default\" data-id=\"45d0cec\" data-element_type=\"column\">\n\t\t\t<div class=\"elementor-widget-wrap\">\n\t\t\t\t\t\t\t<\/div>\n\t\t<\/div>\n\t\t\t\t\t<\/div>\n\t\t<\/section>\n\t\t\t\t<section data-particle_enable=\"false\" data-particle-mobile-disabled=\"false\" class=\"has_ae_slider elementor-section elementor-top-section elementor-element elementor-element-a303fd8 elementor-section-boxed elementor-section-height-default elementor-section-height-default ae-bg-gallery-type-default\" data-id=\"a303fd8\" data-element_type=\"section\">\n\t\t\t\t\t\t<div class=\"elementor-container elementor-column-gap-default\">\n\t\t\t\t\t<div class=\"has_ae_slider elementor-column elementor-col-100 elementor-top-column elementor-element elementor-element-24d7de2 ae-bg-gallery-type-default\" data-id=\"24d7de2\" data-element_type=\"column\">\n\t\t\t<div class=\"elementor-widget-wrap elementor-element-populated\">\n\t\t\t\t\t\t<div class=\"elementor-element elementor-element-5f236fb elementor-widget elementor-widget-heading\" data-id=\"5f236fb\" data-element_type=\"widget\" data-widget_type=\"heading.default\">\n\t\t\t\t<div class=\"elementor-widget-container\">\n\t\t\t<h1 class=\"elementor-heading-title elementor-size-default\">POL\u00cdTICA DE GALETES (COOKIES)<\/h1>\t\t<\/div>\n\t\t\t\t<\/div>\n\t\t\t\t<div class=\"elementor-element elementor-element-5bdddcf elementor-widget elementor-widget-heading\" data-id=\"5bdddcf\" data-element_type=\"widget\" data-widget_type=\"heading.default\">\n\t\t\t\t<div class=\"elementor-widget-container\">\n\t\t\t<h2 class=\"elementor-heading-title elementor-size-default\">1. POL\u00cdTICA DE GALETES (COOKIES)<\/h2>\t\t<\/div>\n\t\t\t\t<\/div>\n\t\t\t\t<div class=\"elementor-element elementor-element-4d97dc3 elementor-widget elementor-widget-text-editor\" data-id=\"4d97dc3\" data-element_type=\"widget\" data-widget_type=\"text-editor.default\">\n\t\t\t\t<div class=\"elementor-widget-container\">\n\t\t\t\t\t\t\t<div class=\"row\">\n<div class=\"span12 first-module module_number_1 module_cont module_html\">\n<div class=\"module_inner\">\n<div class=\"module_content\">Aquest web pot utilitzar galetes per tal de facilitar la navegaci\u00f3 i oferir un servei personalitzat i m\u00e9s \u00e0gil. Podeu configurar el vostre programa de navegaci\u00f3 per Internet per no rebre aquestes galetes; en aquest cas, la qualitat i rapidesa de la navegaci\u00f3 al web pot disminuir. Qu\u00e8 s\u00f3n les galetes i per a qu\u00e8 serveixen? Les galetes s\u00f3n arxius que les p\u00e0gines web poden instal\u00b7lar al vostre dispositiu (ordinador, tauleta, tel\u00e8fon intel\u00b7ligent, etc.) amb finalitats molt variades. La finalitat principal \u00e9s facilitar la navegaci\u00f3 per part de l&#8217;usuari, per\u00f2 tamb\u00e9 poden recopilar altra informaci\u00f3 com, per exemple, per a fins estad\u00edstics. Mitjan\u00e7ant l&#8217;\u00fas de galetes, es millora el rendiment t\u00e8cnic del web, adaptant la navegaci\u00f3 a les prefer\u00e8ncies dels usuaris. D&#8217;altra banda, la informaci\u00f3 estad\u00edstica recollida a partir de les galetes permet els responsables del web millorar el servei que ofereixen als usuaris. Tipologia de galetes. Segons la perman\u00e8ncia, les galetes es classifiquen en galetes de sessi\u00f3 o permanents. Les primeres expiren quan es tanca el navegador, mentre que les segones expiren quan ja han complert la seva funci\u00f3 o quan s&#8217;esborren manualment. GALETES DE RENDIMENT: Aquestes galetes guarden les prefer\u00e8ncies de certes eines per no haver de configurar-les cada vegada que s&#8217;accedeix al web. GALETES ANAL\u00cdTIQUES: s\u00f3n les galetes que permeten analitzar el tr\u00e0nsit pel web i analitzar estad\u00edsticament l&#8217;\u00fas dels diversos serveis que ofereix el web. La recopilaci\u00f3 d&#8217;aquestes dades \u00e9s de forma an\u00f2nima i no va lligada a cap dada de car\u00e0cter personal. GALETES DE GEOLOCALITZACI\u00d3: aquestes galetes detecten, de manera an\u00f2nima, el pa\u00eds en qu\u00e8 es troba l&#8217;usuari per oferir continguts i serveis m\u00e9s adequats GALETES DE REGISTRE: S\u00f3n galetes que es generen quan l&#8217;usuari s&#8217;ha registrat i serveixen per identificar els comptes d&#8217;usuari i els seus serveis associats. GALETES DE PUBLICITAT: S\u00f3n les galetes que permeten gestionar els diferents anuncis mostrats al web, per adaptar el contingut de l&#8217;espai publicitari a l&#8217;\u00fas que realitzeu al web. GALETES DE TERCERS: aquestes galetes de tercers poden instal\u00b7lar-se a la p\u00e0gina amb l&#8217;objectiu de millorar els serveis que aquests tercers ofereixen, com ara els enlla\u00e7os a xarxes socials per compartir el contingut del web. Puc eliminar la instal\u00b7laci\u00f3 de galetes? Tots els navegadors permeten bloquejar o eliminar les galetes si l&#8217;usuari aix\u00ed ho prefereix. En les l\u00ednies seg\u00fcents oferim indicacions per fer-ho: Internet Explorer: Eines &gt; Opcions d&#8217;Internet &gt; Privadesa &gt; Configuraci\u00f3 Firefox: Eines &gt; Opcions &gt; Privadesa &gt; Historial &gt; Configuraci\u00f3 personalitzada Chrome: Configuraci\u00f3 &gt; Mostra opcions avan\u00e7ades &gt; Privadesa &gt; Configuraci\u00f3 de contingut Safari: Prefer\u00e8ncies &gt; Seguretat<\/div>\n<\/div>\n<\/div>\n<\/div>\n<div class=\"row\">\n<div class=\"span12 module_number_2 module_cont module_html\">\n<div class=\"module_inner\">\n<div id=\"2-observacions-de-lusuari\" class=\"bg_title\"><\/div>\n<\/div>\n<\/div>\n<\/div>\n\t\t\t\t\t\t<\/div>\n\t\t\t\t<\/div>\n\t\t\t\t<div class=\"elementor-element elementor-element-270ae11 elementor-widget elementor-widget-heading\" data-id=\"270ae11\" data-element_type=\"widget\" data-widget_type=\"heading.default\">\n\t\t\t\t<div class=\"elementor-widget-container\">\n\t\t\t<h2 class=\"elementor-heading-title elementor-size-default\"> 2. OBSERVACIONS DE L'USUARI<\/h2>\t\t<\/div>\n\t\t\t\t<\/div>\n\t\t\t\t<div class=\"elementor-element elementor-element-a20a9ef elementor-widget elementor-widget-text-editor\" data-id=\"a20a9ef\" data-element_type=\"widget\" data-widget_type=\"text-editor.default\">\n\t\t\t\t<div class=\"elementor-widget-container\">\n\t\t\t\t\t\t\t<div class=\"row\">\n<div class=\"span12 module_number_2 module_cont module_html\">\n<div class=\"module_inner\">\n<div class=\"module_content\">L&#8217;usuari garanteix que la informaci\u00f3, material, contingut o observacions que no siguin les dades personals pr\u00f2pies i que es facilitin al titular del web trav\u00e9s del web, no infringeixen els drets de propietat intel\u00b7lectual ni industrial de tercers, ni cap altra disposici\u00f3 legal.<\/div>\n<\/div>\n<\/div>\n<\/div>\n<div class=\"row\">\n<div class=\"span12 module_number_3 module_cont module_html\">\n<div class=\"module_inner\">\n<div id=\"3-modificacions-de-les-condicions-dus\" class=\"bg_title\"><\/div>\n<\/div>\n<\/div>\n<\/div>\n\t\t\t\t\t\t<\/div>\n\t\t\t\t<\/div>\n\t\t\t\t<div class=\"elementor-element elementor-element-161df4d elementor-widget elementor-widget-heading\" data-id=\"161df4d\" data-element_type=\"widget\" data-widget_type=\"heading.default\">\n\t\t\t\t<div class=\"elementor-widget-container\">\n\t\t\t<h2 class=\"elementor-heading-title elementor-size-default\">3. MODIFICACIONS DE LES CONDICIONS D'\u00daS<\/h2>\t\t<\/div>\n\t\t\t\t<\/div>\n\t\t\t\t<div class=\"elementor-element elementor-element-bca6de4 elementor-widget elementor-widget-text-editor\" data-id=\"bca6de4\" data-element_type=\"widget\" data-widget_type=\"text-editor.default\">\n\t\t\t\t<div class=\"elementor-widget-container\">\n\t\t\t\t\t\t\t<p>El titular del web es reserva el dret a modificar, desenvolupar o actualitzar en qualsevol moment i sense notificaci\u00f3 pr\u00e8via, les condicions d&#8217;\u00fas d&#8217;aquest web. L&#8217;usuari queda obligat autom\u00e0ticament per les condicions d&#8217;\u00fas vigents en el moment en qu\u00e8 accedeixi al web, de manera que ha de llegir peri\u00f2dicament aquestes condicions d&#8217;\u00fas.<\/p>\n\t\t\t\t\t\t<\/div>\n\t\t\t\t<\/div>\n\t\t\t\t<div class=\"elementor-element elementor-element-9b64aab elementor-widget elementor-widget-heading\" data-id=\"9b64aab\" data-element_type=\"widget\" data-widget_type=\"heading.default\">\n\t\t\t\t<div class=\"elementor-widget-container\">\n\t\t\t<h2 class=\"elementor-heading-title elementor-size-default\">4. LEGISLACI\u00d3 APLICABLE I COMPET\u00c8NCIA JURISDICCIONAL<\/h2>\t\t<\/div>\n\t\t\t\t<\/div>\n\t\t\t\t<div class=\"elementor-element elementor-element-6cd3d13 elementor-widget elementor-widget-text-editor\" data-id=\"6cd3d13\" data-element_type=\"widget\" data-widget_type=\"text-editor.default\">\n\t\t\t\t<div class=\"elementor-widget-container\">\n\t\t\t\t\t\t\t<p>Totes les controv\u00e8rsies o reclamacions sorgides de la interpretaci\u00f3 o execuci\u00f3 d&#8217;aquest av\u00eds legal es regiran per la legislaci\u00f3 espanyola, i se sotmetran a la jurisdicci\u00f3 dels jutjats i tribunals de Barcelona.<\/p>\n\t\t\t\t\t\t<\/div>\n\t\t\t\t<\/div>\n\t\t\t\t<div class=\"elementor-element elementor-element-f6bfe6c elementor-widget elementor-widget-shortcode\" data-id=\"f6bfe6c\" data-element_type=\"widget\" data-widget_type=\"shortcode.default\">\n\t\t\t\t<div class=\"elementor-widget-container\">\n\t\t\t\t\t<div class=\"elementor-shortcode\"><script id=\"CookieDeclaration\" src=\"https:\/\/consent.cookiebot.com\/fc654244-45c7-49e9-9f70-d17de5fe802f\/cd.js\" type=\"text\/javascript\" async><\/script><\/div>\n\t\t\t\t<\/div>\n\t\t\t\t<\/div>\n\t\t\t\t\t<\/div>\n\t\t<\/div>\n\t\t\t\t\t<\/div>\n\t\t<\/section>\n\t\t\t\t<\/div>\n\t\t","protected":false},"excerpt":{"rendered":"<p>POL\u00cdTICA DE GALETES (COOKIES) 1. POL\u00cdTICA DE GALETES (COOKIES) Aquest web pot utilitzar galetes per tal de facilitar la navegaci\u00f3 i oferir un servei personalitzat i m\u00e9s \u00e0gil. Podeu configurar el vostre programa de navegaci\u00f3 per Internet per no rebre aquestes galetes; en aquest cas, la qualitat i rapidesa de la navegaci\u00f3 al web pot &#8230; <a title=\"Pol\u00edtica de Cookies\" class=\"read-more\" href=\"https:\/\/www.otbwaterdesign.com\/ca\/politica-de-galetes-cookies\/\" aria-label=\"M\u00e9s informaci\u00f3 sobre Pol\u00edtica de Cookies\">Read more<\/a><\/p>\n","protected":false},"author":1,"featured_media":0,"parent":0,"menu_order":0,"comment_status":"closed","ping_status":"closed","template":"elementor_header_footer","meta":{"_acf_changed":false,"footnotes":""},"acf":[],"yoast_head":"<!-- This site is optimized with the Yoast SEO Premium plugin v22.5 (Yoast SEO v22.5) - https:\/\/yoast.com\/wordpress\/plugins\/seo\/ -->\n<title>Pol\u00edtica de Cookies - Oficina T\u00e9cnica Buigas<\/title>\n<meta name=\"robots\" content=\"noindex, follow\" \/>\n<meta property=\"og:locale\" content=\"ca_ES\" \/>\n<meta property=\"og:type\" content=\"article\" \/>\n<meta property=\"og:title\" content=\"Pol\u00edtica de Cookies\" \/>\n<meta property=\"og:description\" content=\"POL\u00cdTICA DE GALETES (COOKIES) 1. POL\u00cdTICA DE GALETES (COOKIES) Aquest web pot utilitzar galetes per tal de facilitar la navegaci\u00f3 i oferir un servei personalitzat i m\u00e9s \u00e0gil. Podeu configurar el vostre programa de navegaci\u00f3 per Internet per no rebre aquestes galetes; en aquest cas, la qualitat i rapidesa de la navegaci\u00f3 al web pot ... Read more\" \/>\n<meta property=\"og:url\" content=\"https:\/\/www.otbwaterdesign.com\/ca\/politica-de-galetes-cookies\/\" \/>\n<meta property=\"og:site_name\" content=\"Oficina T\u00e9cnica Buigas\" \/>\n<meta property=\"article:modified_time\" content=\"2023-03-15T12:25:58+00:00\" \/>\n<meta name=\"twitter:card\" content=\"summary_large_image\" \/>\n<meta name=\"twitter:label1\" content=\"Temps estimat de lectura\" \/>\n\t<meta name=\"twitter:data1\" content=\"3 minuts\" \/>\n<script type=\"application\/ld+json\" class=\"yoast-schema-graph\">{\"@context\":\"https:\/\/schema.org\",\"@graph\":[{\"@type\":\"WebPage\",\"@id\":\"https:\/\/www.otbwaterdesign.com\/ca\/politica-de-galetes-cookies\/\",\"url\":\"https:\/\/www.otbwaterdesign.com\/ca\/politica-de-galetes-cookies\/\",\"name\":\"Pol\u00edtica de Cookies - Oficina T\u00e9cnica Buigas\",\"isPartOf\":{\"@id\":\"https:\/\/www.otbwaterdesign.com\/ca\/#website\"},\"datePublished\":\"2020-11-03T11:58:59+00:00\",\"dateModified\":\"2023-03-15T12:25:58+00:00\",\"breadcrumb\":{\"@id\":\"https:\/\/www.otbwaterdesign.com\/ca\/politica-de-galetes-cookies\/#breadcrumb\"},\"inLanguage\":\"ca\",\"potentialAction\":[{\"@type\":\"ReadAction\",\"target\":[\"https:\/\/www.otbwaterdesign.com\/ca\/politica-de-galetes-cookies\/\"]}]},{\"@type\":\"BreadcrumbList\",\"@id\":\"https:\/\/www.otbwaterdesign.com\/ca\/politica-de-galetes-cookies\/#breadcrumb\",\"itemListElement\":[{\"@type\":\"ListItem\",\"position\":1,\"name\":\"Portada\",\"item\":\"https:\/\/www.otbwaterdesign.com\/ca\/\"},{\"@type\":\"ListItem\",\"position\":2,\"name\":\"Pol\u00edtica de Cookies\"}]},{\"@type\":\"WebSite\",\"@id\":\"https:\/\/www.otbwaterdesign.com\/ca\/#website\",\"url\":\"https:\/\/www.otbwaterdesign.com\/ca\/\",\"name\":\"Oficina T\u00e9cnica Buigas\",\"description\":\"Fuentes Ornamentales OTB\",\"publisher\":{\"@id\":\"https:\/\/www.otbwaterdesign.com\/ca\/#organization\"},\"potentialAction\":[{\"@type\":\"SearchAction\",\"target\":{\"@type\":\"EntryPoint\",\"urlTemplate\":\"https:\/\/www.otbwaterdesign.com\/ca\/?s={search_term_string}\"},\"query-input\":\"required name=search_term_string\"}],\"inLanguage\":\"ca\"},{\"@type\":\"Organization\",\"@id\":\"https:\/\/www.otbwaterdesign.com\/ca\/#organization\",\"name\":\"Otb.es\",\"url\":\"https:\/\/www.otbwaterdesign.com\/ca\/\",\"logo\":{\"@type\":\"ImageObject\",\"inLanguage\":\"ca\",\"@id\":\"https:\/\/www.otbwaterdesign.com\/ca\/#\/schema\/logo\/image\/\",\"url\":\"https:\/\/www.otbwaterdesign.com\/wp-content\/uploads\/2020\/10\/OTB-Logo-2.png\",\"contentUrl\":\"https:\/\/www.otbwaterdesign.com\/wp-content\/uploads\/2020\/10\/OTB-Logo-2.png\",\"width\":216,\"height\":228,\"caption\":\"Otb.es\"},\"image\":{\"@id\":\"https:\/\/www.otbwaterdesign.com\/ca\/#\/schema\/logo\/image\/\"}}]}<\/script>\n<!-- \/ Yoast SEO Premium plugin. -->","yoast_head_json":{"title":"Pol\u00edtica de Cookies - Oficina T\u00e9cnica Buigas","robots":{"index":"noindex","follow":"follow"},"og_locale":"ca_ES","og_type":"article","og_title":"Pol\u00edtica de Cookies","og_description":"POL\u00cdTICA DE GALETES (COOKIES) 1. POL\u00cdTICA DE GALETES (COOKIES) Aquest web pot utilitzar galetes per tal de facilitar la navegaci\u00f3 i oferir un servei personalitzat i m\u00e9s \u00e0gil. Podeu configurar el vostre programa de navegaci\u00f3 per Internet per no rebre aquestes galetes; en aquest cas, la qualitat i rapidesa de la navegaci\u00f3 al web pot ... Read more","og_url":"https:\/\/www.otbwaterdesign.com\/ca\/politica-de-galetes-cookies\/","og_site_name":"Oficina T\u00e9cnica Buigas","article_modified_time":"2023-03-15T12:25:58+00:00","twitter_card":"summary_large_image","twitter_misc":{"Temps estimat de lectura":"3 minuts"},"schema":{"@context":"https:\/\/schema.org","@graph":[{"@type":"WebPage","@id":"https:\/\/www.otbwaterdesign.com\/ca\/politica-de-galetes-cookies\/","url":"https:\/\/www.otbwaterdesign.com\/ca\/politica-de-galetes-cookies\/","name":"Pol\u00edtica de Cookies - Oficina T\u00e9cnica Buigas","isPartOf":{"@id":"https:\/\/www.otbwaterdesign.com\/ca\/#website"},"datePublished":"2020-11-03T11:58:59+00:00","dateModified":"2023-03-15T12:25:58+00:00","breadcrumb":{"@id":"https:\/\/www.otbwaterdesign.com\/ca\/politica-de-galetes-cookies\/#breadcrumb"},"inLanguage":"ca","potentialAction":[{"@type":"ReadAction","target":["https:\/\/www.otbwaterdesign.com\/ca\/politica-de-galetes-cookies\/"]}]},{"@type":"BreadcrumbList","@id":"https:\/\/www.otbwaterdesign.com\/ca\/politica-de-galetes-cookies\/#breadcrumb","itemListElement":[{"@type":"ListItem","position":1,"name":"Portada","item":"https:\/\/www.otbwaterdesign.com\/ca\/"},{"@type":"ListItem","position":2,"name":"Pol\u00edtica de Cookies"}]},{"@type":"WebSite","@id":"https:\/\/www.otbwaterdesign.com\/ca\/#website","url":"https:\/\/www.otbwaterdesign.com\/ca\/","name":"Oficina T\u00e9cnica Buigas","description":"Fuentes Ornamentales OTB","publisher":{"@id":"https:\/\/www.otbwaterdesign.com\/ca\/#organization"},"potentialAction":[{"@type":"SearchAction","target":{"@type":"EntryPoint","urlTemplate":"https:\/\/www.otbwaterdesign.com\/ca\/?s={search_term_string}"},"query-input":"required name=search_term_string"}],"inLanguage":"ca"},{"@type":"Organization","@id":"https:\/\/www.otbwaterdesign.com\/ca\/#organization","name":"Otb.es","url":"https:\/\/www.otbwaterdesign.com\/ca\/","logo":{"@type":"ImageObject","inLanguage":"ca","@id":"https:\/\/www.otbwaterdesign.com\/ca\/#\/schema\/logo\/image\/","url":"https:\/\/www.otbwaterdesign.com\/wp-content\/uploads\/2020\/10\/OTB-Logo-2.png","contentUrl":"https:\/\/www.otbwaterdesign.com\/wp-content\/uploads\/2020\/10\/OTB-Logo-2.png","width":216,"height":228,"caption":"Otb.es"},"image":{"@id":"https:\/\/www.otbwaterdesign.com\/ca\/#\/schema\/logo\/image\/"}}]}},"_links":{"self":[{"href":"https:\/\/www.otbwaterdesign.com\/ca\/wp-json\/wp\/v2\/pages\/992"}],"collection":[{"href":"https:\/\/www.otbwaterdesign.com\/ca\/wp-json\/wp\/v2\/pages"}],"about":[{"href":"https:\/\/www.otbwaterdesign.com\/ca\/wp-json\/wp\/v2\/types\/page"}],"author":[{"embeddable":true,"href":"https:\/\/www.otbwaterdesign.com\/ca\/wp-json\/wp\/v2\/users\/1"}],"replies":[{"embeddable":true,"href":"https:\/\/www.otbwaterdesign.com\/ca\/wp-json\/wp\/v2\/comments?post=992"}],"version-history":[{"count":1,"href":"https:\/\/www.otbwaterdesign.com\/ca\/wp-json\/wp\/v2\/pages\/992\/revisions"}],"predecessor-version":[{"id":6501,"href":"https:\/\/www.otbwaterdesign.com\/ca\/wp-json\/wp\/v2\/pages\/992\/revisions\/6501"}],"wp:attachment":[{"href":"https:\/\/www.otbwaterdesign.com\/ca\/wp-json\/wp\/v2\/media?parent=992"}],"curies":[{"name":"wp","href":"https:\/\/api.w.org\/{rel}","templated":true}]}}