{"id":11215,"date":"2024-01-16T12:24:43","date_gmt":"2024-01-16T12:24:43","guid":{"rendered":"https:\/\/www.otbwaterdesign.com\/blog\/"},"modified":"2024-01-31T10:22:44","modified_gmt":"2024-01-31T10:22:44","slug":"blog","status":"publish","type":"page","link":"https:\/\/www.otbwaterdesign.com\/fr\/blog\/","title":{"rendered":"Blog"},"content":{"rendered":"\t\t<div data-elementor-type=\"wp-page\" data-elementor-id=\"11215\" class=\"elementor elementor-11215 elementor-6787\" data-elementor-post-type=\"page\">\n\t\t\t\t\t\t<section data-particle_enable=\"false\" data-particle-mobile-disabled=\"false\" class=\"has_ae_slider elementor-section elementor-top-section elementor-element elementor-element-d859272 elementor-section-full_width elementor-section-height-default elementor-section-height-default ae-bg-gallery-type-default\" data-id=\"d859272\" data-element_type=\"section\" data-settings=\"{&quot;background_background&quot;:&quot;classic&quot;}\">\n\t\t\t\t\t\t<div class=\"elementor-container elementor-column-gap-default\">\n\t\t\t\t\t<div class=\"has_ae_slider elementor-column elementor-col-100 elementor-top-column elementor-element elementor-element-4969840 ae-bg-gallery-type-default\" data-id=\"4969840\" data-element_type=\"column\">\n\t\t\t<div class=\"elementor-widget-wrap elementor-element-populated\">\n\t\t\t\t\t\t<section data-particle_enable=\"false\" data-particle-mobile-disabled=\"false\" class=\"has_ae_slider elementor-section elementor-inner-section elementor-element elementor-element-071aaf2 elementor-section-boxed elementor-section-height-default elementor-section-height-default ae-bg-gallery-type-default\" data-id=\"071aaf2\" data-element_type=\"section\">\n\t\t\t\t\t\t<div class=\"elementor-container elementor-column-gap-default\">\n\t\t\t\t\t<div class=\"has_ae_slider elementor-column elementor-col-100 elementor-inner-column elementor-element elementor-element-a28097d ae-bg-gallery-type-default\" data-id=\"a28097d\" data-element_type=\"column\">\n\t\t\t<div class=\"elementor-widget-wrap elementor-element-populated\">\n\t\t\t\t\t\t<div class=\"elementor-element elementor-element-7129a3a elementor-invisible elementor-widget elementor-widget-heading\" data-id=\"7129a3a\" data-element_type=\"widget\" data-settings=\"{&quot;_animation&quot;:&quot;fadeInDown&quot;}\" data-widget_type=\"heading.default\">\n\t\t\t\t<div class=\"elementor-widget-container\">\n\t\t\t<h1 class=\"elementor-heading-title elementor-size-default\">Blog OTB<\/h1>\t\t<\/div>\n\t\t\t\t<\/div>\n\t\t\t\t\t<\/div>\n\t\t<\/div>\n\t\t\t\t\t<\/div>\n\t\t<\/section>\n\t\t\t\t\t<\/div>\n\t\t<\/div>\n\t\t\t\t\t<\/div>\n\t\t<\/section>\n\t\t\t\t<section data-particle_enable=\"false\" data-particle-mobile-disabled=\"false\" class=\"has_ae_slider elementor-section elementor-top-section elementor-element elementor-element-65c3141 elementor-section-boxed elementor-section-height-default elementor-section-height-default ae-bg-gallery-type-default\" data-id=\"65c3141\" data-element_type=\"section\">\n\t\t\t\t\t\t<div class=\"elementor-container elementor-column-gap-default\">\n\t\t\t\t\t<div class=\"has_ae_slider elementor-column elementor-col-100 elementor-top-column elementor-element elementor-element-13d55e8 ae-bg-gallery-type-default elementor-invisible\" data-id=\"13d55e8\" data-element_type=\"column\" data-settings=\"{&quot;animation&quot;:&quot;fadeIn&quot;}\">\n\t\t\t<div class=\"elementor-widget-wrap elementor-element-populated\">\n\t\t\t\t\t\t<div class=\"elementor-element elementor-element-26fd78a elementor-posts--align-left elementor-grid-3 elementor-grid-tablet-2 elementor-grid-mobile-1 elementor-posts--thumbnail-top elementor-widget elementor-widget-posts\" data-id=\"26fd78a\" data-element_type=\"widget\" data-settings=\"{&quot;pagination_type&quot;:&quot;numbers&quot;,&quot;classic_row_gap&quot;:{&quot;unit&quot;:&quot;px&quot;,&quot;size&quot;:60,&quot;sizes&quot;:[]},&quot;classic_columns&quot;:&quot;3&quot;,&quot;classic_columns_tablet&quot;:&quot;2&quot;,&quot;classic_columns_mobile&quot;:&quot;1&quot;,&quot;classic_row_gap_laptop&quot;:{&quot;unit&quot;:&quot;px&quot;,&quot;size&quot;:&quot;&quot;,&quot;sizes&quot;:[]},&quot;classic_row_gap_tablet&quot;:{&quot;unit&quot;:&quot;px&quot;,&quot;size&quot;:&quot;&quot;,&quot;sizes&quot;:[]},&quot;classic_row_gap_mobile&quot;:{&quot;unit&quot;:&quot;px&quot;,&quot;size&quot;:&quot;&quot;,&quot;sizes&quot;:[]}}\" data-widget_type=\"posts.classic\">\n\t\t\t\t<div class=\"elementor-widget-container\">\n\t\t\t\t\t<div class=\"elementor-posts-container elementor-posts elementor-posts--skin-classic elementor-grid\">\n\t\t\t\t<article class=\"elementor-post elementor-grid-item post-13251 post type-post status-publish format-standard has-post-thumbnail hentry category-non-classifiee\">\n\t\t\t\t<a class=\"elementor-post__thumbnail__link\" href=\"https:\/\/www.otbwaterdesign.com\/fr\/comment-creer-un-coin-detente-avec-une-fontaine-a-eau-lumineuse\/\" tabindex=\"-1\" >\n\t\t\t<div class=\"elementor-post__thumbnail\"><img fetchpriority=\"high\" decoding=\"async\" width=\"2560\" height=\"1709\" src=\"https:\/\/www.otbwaterdesign.com\/wp-content\/uploads\/2026\/04\/rincon-de-relax-2-scaled.jpg\" class=\"attachment-full size-full wp-image-13248\" alt=\"rinco\u0301n de relax 2\" srcset=\"https:\/\/www.otbwaterdesign.com\/wp-content\/uploads\/2026\/04\/rincon-de-relax-2-scaled.jpg 2560w, https:\/\/www.otbwaterdesign.com\/wp-content\/uploads\/2026\/04\/rincon-de-relax-2-300x200.jpg 300w, https:\/\/www.otbwaterdesign.com\/wp-content\/uploads\/2026\/04\/rincon-de-relax-2-1024x683.jpg 1024w, https:\/\/www.otbwaterdesign.com\/wp-content\/uploads\/2026\/04\/rincon-de-relax-2-768x513.jpg 768w, https:\/\/www.otbwaterdesign.com\/wp-content\/uploads\/2026\/04\/rincon-de-relax-2-1536x1025.jpg 1536w, https:\/\/www.otbwaterdesign.com\/wp-content\/uploads\/2026\/04\/rincon-de-relax-2-2048x1367.jpg 2048w\" sizes=\"(max-width: 2560px) 100vw, 2560px\" \/><\/div>\n\t\t<\/a>\n\t\t\t\t<div class=\"elementor-post__text\">\n\t\t\t\t<h3 class=\"elementor-post__title\">\n\t\t\t<a href=\"https:\/\/www.otbwaterdesign.com\/fr\/comment-creer-un-coin-detente-avec-une-fontaine-a-eau-lumineuse\/\" >\n\t\t\t\tComment cr\u00e9er un coin d\u00e9tente avec une fontaine \u00e0 eau lumineuse ?\t\t\t<\/a>\n\t\t<\/h3>\n\t\t\t\t<div class=\"elementor-post__meta-data\">\n\t\t\t\t\t<span class=\"elementor-post-date\">\n\t\t\t23\/04\/2026\t\t<\/span>\n\t\t\t\t<\/div>\n\t\t\t\t<div class=\"elementor-post__excerpt\">\n\t\t\t<p>Avoir un espace de d\u00e9tente dans le jardin, sur la terrasse ou dans le patio est une excellente mani\u00e8re de se d\u00e9tendre du stress quotidien et de profiter d\u2019un espace agr\u00e9able \u00e0 la maison. L\u2019une des meilleures solutions pour cr\u00e9er<\/p>\n\t\t<\/div>\n\t\t\t\t<\/div>\n\t\t\t\t<\/article>\n\t\t\t\t<article class=\"elementor-post elementor-grid-item post-13242 post type-post status-publish format-standard has-post-thumbnail hentry category-fontaine-lumineuse category-non-classifiee\">\n\t\t\t\t<a class=\"elementor-post__thumbnail__link\" href=\"https:\/\/www.otbwaterdesign.com\/fr\/eclairage-fontaine-exterieur-comment-bien-le-choisir\/\" tabindex=\"-1\" >\n\t\t\t<div class=\"elementor-post__thumbnail\"><img decoding=\"async\" width=\"2560\" height=\"1702\" src=\"https:\/\/www.otbwaterdesign.com\/wp-content\/uploads\/2026\/04\/Fuente-exterior-led-2-scaled.jpg\" class=\"attachment-full size-full wp-image-13239\" alt=\"Fuente exterior led 2\" srcset=\"https:\/\/www.otbwaterdesign.com\/wp-content\/uploads\/2026\/04\/Fuente-exterior-led-2-scaled.jpg 2560w, https:\/\/www.otbwaterdesign.com\/wp-content\/uploads\/2026\/04\/Fuente-exterior-led-2-300x199.jpg 300w, https:\/\/www.otbwaterdesign.com\/wp-content\/uploads\/2026\/04\/Fuente-exterior-led-2-1024x681.jpg 1024w, https:\/\/www.otbwaterdesign.com\/wp-content\/uploads\/2026\/04\/Fuente-exterior-led-2-768x511.jpg 768w, https:\/\/www.otbwaterdesign.com\/wp-content\/uploads\/2026\/04\/Fuente-exterior-led-2-1536x1021.jpg 1536w, https:\/\/www.otbwaterdesign.com\/wp-content\/uploads\/2026\/04\/Fuente-exterior-led-2-2048x1362.jpg 2048w\" sizes=\"(max-width: 2560px) 100vw, 2560px\" \/><\/div>\n\t\t<\/a>\n\t\t\t\t<div class=\"elementor-post__text\">\n\t\t\t\t<h3 class=\"elementor-post__title\">\n\t\t\t<a href=\"https:\/\/www.otbwaterdesign.com\/fr\/eclairage-fontaine-exterieur-comment-bien-le-choisir\/\" >\n\t\t\t\t\u00c9clairage fontaine ext\u00e9rieur comment bien le choisir\t\t\t<\/a>\n\t\t<\/h3>\n\t\t\t\t<div class=\"elementor-post__meta-data\">\n\t\t\t\t\t<span class=\"elementor-post-date\">\n\t\t\t23\/04\/2026\t\t<\/span>\n\t\t\t\t<\/div>\n\t\t\t\t<div class=\"elementor-post__excerpt\">\n\t\t\t<p>Les fontaines ext\u00e9rieures sont un \u00e9l\u00e9ment d\u00e9coratif original, qui apporte mouvement et son relaxant aux terrasses, patios ou jardins. Mais leur v\u00e9ritable potentiel se r\u00e9v\u00e8le avec un bon \u00e9clairage nocturne. Choisir l\u2019\u00e9clairage ad\u00e9quat pour une fontaine ext\u00e9rieure ne la rend<\/p>\n\t\t<\/div>\n\t\t\t\t<\/div>\n\t\t\t\t<\/article>\n\t\t\t\t<article class=\"elementor-post elementor-grid-item post-13218 post type-post status-publish format-standard has-post-thumbnail hentry\">\n\t\t\t\t<a class=\"elementor-post__thumbnail__link\" href=\"https:\/\/www.otbwaterdesign.com\/fr\/top-5-des-fontaines-led-exterieur-pour-votre-jardin\/\" tabindex=\"-1\" >\n\t\t\t<div class=\"elementor-post__thumbnail\"><img decoding=\"async\" width=\"640\" height=\"427\" src=\"https:\/\/www.otbwaterdesign.com\/wp-content\/uploads\/2026\/03\/Fuente-de-agua.jpg\" class=\"attachment-full size-full wp-image-13216\" alt=\"Fuente de agua\" srcset=\"https:\/\/www.otbwaterdesign.com\/wp-content\/uploads\/2026\/03\/Fuente-de-agua.jpg 640w, https:\/\/www.otbwaterdesign.com\/wp-content\/uploads\/2026\/03\/Fuente-de-agua-300x200.jpg 300w\" sizes=\"(max-width: 640px) 100vw, 640px\" \/><\/div>\n\t\t<\/a>\n\t\t\t\t<div class=\"elementor-post__text\">\n\t\t\t\t<h3 class=\"elementor-post__title\">\n\t\t\t<a href=\"https:\/\/www.otbwaterdesign.com\/fr\/top-5-des-fontaines-led-exterieur-pour-votre-jardin\/\" >\n\t\t\t\tTop 5 des fontaines LED ext\u00e9rieur pour votre jardin\t\t\t<\/a>\n\t\t<\/h3>\n\t\t\t\t<div class=\"elementor-post__meta-data\">\n\t\t\t\t\t<span class=\"elementor-post-date\">\n\t\t\t02\/03\/2026\t\t<\/span>\n\t\t\t\t<\/div>\n\t\t\t\t<div class=\"elementor-post__excerpt\">\n\t\t\t<p>Les fontaines LED pour l\u2019ext\u00e9rieur sont devenues populaires au fil des ann\u00e9es dans les jardins, terrasses et patios. Elles plaisent g\u00e9n\u00e9ralement beaucoup gr\u00e2ce au jeu qui se cr\u00e9e entre l\u2019eau et la lumi\u00e8re, cr\u00e9ant une ambiance sp\u00e9ciale de jour comme<\/p>\n\t\t<\/div>\n\t\t\t\t<\/div>\n\t\t\t\t<\/article>\n\t\t\t\t<article class=\"elementor-post elementor-grid-item post-13208 post type-post status-publish format-standard has-post-thumbnail hentry category-fuentes-ornamentales-urbanas\">\n\t\t\t\t<a class=\"elementor-post__thumbnail__link\" href=\"https:\/\/www.otbwaterdesign.com\/fr\/les-avantages-dune-fontaine-eau-decoration-exterieur-chez-vous\/\" tabindex=\"-1\" >\n\t\t\t<div class=\"elementor-post__thumbnail\"><img loading=\"lazy\" decoding=\"async\" width=\"640\" height=\"480\" src=\"https:\/\/www.otbwaterdesign.com\/wp-content\/uploads\/2025\/09\/muro-de-agua-exterior.jpg\" class=\"attachment-full size-full wp-image-13073\" alt=\"muro de agua exterior\" srcset=\"https:\/\/www.otbwaterdesign.com\/wp-content\/uploads\/2025\/09\/muro-de-agua-exterior.jpg 640w, https:\/\/www.otbwaterdesign.com\/wp-content\/uploads\/2025\/09\/muro-de-agua-exterior-300x225.jpg 300w\" sizes=\"(max-width: 640px) 100vw, 640px\" \/><\/div>\n\t\t<\/a>\n\t\t\t\t<div class=\"elementor-post__text\">\n\t\t\t\t<h3 class=\"elementor-post__title\">\n\t\t\t<a href=\"https:\/\/www.otbwaterdesign.com\/fr\/les-avantages-dune-fontaine-eau-decoration-exterieur-chez-vous\/\" >\n\t\t\t\tLes avantages d\u2019une fontaine eau d\u00e9coration ext\u00e9rieur chez vous\t\t\t<\/a>\n\t\t<\/h3>\n\t\t\t\t<div class=\"elementor-post__meta-data\">\n\t\t\t\t\t<span class=\"elementor-post-date\">\n\t\t\t02\/03\/2026\t\t<\/span>\n\t\t\t\t<\/div>\n\t\t\t\t<div class=\"elementor-post__excerpt\">\n\t\t\t<p>Installer une fontaine d\u2019eau d\u00e9corative d\u2019ext\u00e9rieur chez vous, c\u2019est bien plus qu\u2019ajouter un \u00e9l\u00e9ment d\u00e9coratif : c\u2019est transformer votre ext\u00e9rieur en un lieu de charme et de bien-\u00eatre. Gr\u00e2ce au mouvement de l\u2019eau et \u00e0 son bruit, une fontaine d\u2019eau<\/p>\n\t\t<\/div>\n\t\t\t\t<\/div>\n\t\t\t\t<\/article>\n\t\t\t\t<article class=\"elementor-post elementor-grid-item post-13201 post type-post status-publish format-standard has-post-thumbnail hentry category-eclairage-ornemental\">\n\t\t\t\t<a class=\"elementor-post__thumbnail__link\" href=\"https:\/\/www.otbwaterdesign.com\/fr\/pourquoi-installer-un-eclairage-pour-votre-fontaine\/\" tabindex=\"-1\" >\n\t\t\t<div class=\"elementor-post__thumbnail\"><img loading=\"lazy\" decoding=\"async\" width=\"640\" height=\"356\" src=\"https:\/\/www.otbwaterdesign.com\/wp-content\/uploads\/2026\/03\/iluminacion-para-tu-fuente.jpg\" class=\"attachment-full size-full wp-image-13199\" alt=\"iluminacio\u0301n para tu fuente\" srcset=\"https:\/\/www.otbwaterdesign.com\/wp-content\/uploads\/2026\/03\/iluminacion-para-tu-fuente.jpg 640w, https:\/\/www.otbwaterdesign.com\/wp-content\/uploads\/2026\/03\/iluminacion-para-tu-fuente-300x167.jpg 300w\" sizes=\"(max-width: 640px) 100vw, 640px\" \/><\/div>\n\t\t<\/a>\n\t\t\t\t<div class=\"elementor-post__text\">\n\t\t\t\t<h3 class=\"elementor-post__title\">\n\t\t\t<a href=\"https:\/\/www.otbwaterdesign.com\/fr\/pourquoi-installer-un-eclairage-pour-votre-fontaine\/\" >\n\t\t\t\tPourquoi installer un \u00e9clairage pour votre fontaine ?\t\t\t<\/a>\n\t\t<\/h3>\n\t\t\t\t<div class=\"elementor-post__meta-data\">\n\t\t\t\t\t<span class=\"elementor-post-date\">\n\t\t\t02\/03\/2026\t\t<\/span>\n\t\t\t\t<\/div>\n\t\t\t\t<div class=\"elementor-post__excerpt\">\n\t\t\t<p>Les fontaines d\u00e9coratives sont connues pour leur \u00e9l\u00e9gance ; de plus, elles apportent fra\u00eecheur et mouvement aux jardins, patios ou espaces publics. Cependant, la nuit, beaucoup d\u2019entre elles passent au second plan si elles ne disposent pas d\u2019un \u00e9clairage ad\u00e9quat.<\/p>\n\t\t<\/div>\n\t\t\t\t<\/div>\n\t\t\t\t<\/article>\n\t\t\t\t<article class=\"elementor-post elementor-grid-item post-13169 post type-post status-publish format-standard has-post-thumbnail hentry\">\n\t\t\t\t<a class=\"elementor-post__thumbnail__link\" href=\"https:\/\/www.otbwaterdesign.com\/fr\/fontaine-deau-decorative-led-elegance-et-lumiere-en-un-seul-objet\/\" tabindex=\"-1\" >\n\t\t\t<div class=\"elementor-post__thumbnail\"><img loading=\"lazy\" decoding=\"async\" width=\"1501\" height=\"1000\" src=\"https:\/\/www.otbwaterdesign.com\/wp-content\/uploads\/2023\/11\/Servicio-Fuente-luminosa.jpg\" class=\"attachment-full size-full wp-image-9832\" alt=\"\" srcset=\"https:\/\/www.otbwaterdesign.com\/wp-content\/uploads\/2023\/11\/Servicio-Fuente-luminosa.jpg 1501w, https:\/\/www.otbwaterdesign.com\/wp-content\/uploads\/2023\/11\/Servicio-Fuente-luminosa-300x200.jpg 300w, https:\/\/www.otbwaterdesign.com\/wp-content\/uploads\/2023\/11\/Servicio-Fuente-luminosa-1024x682.jpg 1024w, https:\/\/www.otbwaterdesign.com\/wp-content\/uploads\/2023\/11\/Servicio-Fuente-luminosa-768x512.jpg 768w\" sizes=\"(max-width: 1501px) 100vw, 1501px\" \/><\/div>\n\t\t<\/a>\n\t\t\t\t<div class=\"elementor-post__text\">\n\t\t\t\t<h3 class=\"elementor-post__title\">\n\t\t\t<a href=\"https:\/\/www.otbwaterdesign.com\/fr\/fontaine-deau-decorative-led-elegance-et-lumiere-en-un-seul-objet\/\" >\n\t\t\t\tFontaine d&rsquo;eau d\u00e9corative LED : \u00e9l\u00e9gance et lumi\u00e8re en un seul objet\t\t\t<\/a>\n\t\t<\/h3>\n\t\t\t\t<div class=\"elementor-post__meta-data\">\n\t\t\t\t\t<span class=\"elementor-post-date\">\n\t\t\t15\/12\/2025\t\t<\/span>\n\t\t\t\t<\/div>\n\t\t\t\t<div class=\"elementor-post__excerpt\">\n\t\t\t<p>Les fontaines lumineuses sont de plus en plus connues pour \u00eatre un \u00e9l\u00e9ment de d\u00e9coration original et \u00e9l\u00e9gant, que ce soit \u00e0 l\u2019int\u00e9rieur ou \u00e0 l\u2019ext\u00e9rieur. L\u2019eau en mouvement et avec des effets d\u2019\u00e9clairage LED cr\u00e9e une ambiance vraiment relaxante<\/p>\n\t\t<\/div>\n\t\t\t\t<\/div>\n\t\t\t\t<\/article>\n\t\t\t\t<\/div>\n\t\t\n\t\t\t\t<div class=\"e-load-more-anchor\" data-page=\"1\" data-max-page=\"7\" data-next-page=\"https:\/\/www.otbwaterdesign.com\/fr\/wp-json\/wp\/v2\/pages\/11215\/page\/2\/\"><\/div>\n\t\t\t\t<nav class=\"elementor-pagination\" aria-label=\"Pagination\">\n\t\t\t<span aria-current=\"page\" class=\"page-numbers current\"><span class=\"elementor-screen-only\">Page<\/span>1<\/span>\n<a class=\"page-numbers\" href=\"https:\/\/www.otbwaterdesign.com\/fr\/wp-json\/wp\/v2\/pages\/11215\/page\/2\/\"><span class=\"elementor-screen-only\">Page<\/span>2<\/a>\n<a class=\"page-numbers\" href=\"https:\/\/www.otbwaterdesign.com\/fr\/wp-json\/wp\/v2\/pages\/11215\/page\/3\/\"><span class=\"elementor-screen-only\">Page<\/span>3<\/a>\n<span class=\"page-numbers dots\">\u2026<\/span>\n<a class=\"page-numbers\" href=\"https:\/\/www.otbwaterdesign.com\/fr\/wp-json\/wp\/v2\/pages\/11215\/page\/7\/\"><span class=\"elementor-screen-only\">Page<\/span>7<\/a>\t\t<\/nav>\n\t\t\t\t<\/div>\n\t\t\t\t<\/div>\n\t\t\t\t\t<\/div>\n\t\t<\/div>\n\t\t\t\t\t<\/div>\n\t\t<\/section>\n\t\t\t\t<\/div>\n\t\t","protected":false},"excerpt":{"rendered":"<p>Blog OTB<\/p>\n","protected":false},"author":1,"featured_media":0,"parent":0,"menu_order":0,"comment_status":"closed","ping_status":"closed","template":"elementor_header_footer","meta":{"_acf_changed":false,"footnotes":""},"acf":[],"yoast_head":"<!-- This site is optimized with the Yoast SEO Premium plugin v22.5 (Yoast SEO v22.5) - https:\/\/yoast.com\/wordpress\/plugins\/seo\/ -->\n<title>Blog - Oficina T\u00e9cnica Buigas<\/title>\n<meta name=\"robots\" content=\"index, follow, max-snippet:-1, max-image-preview:large, max-video-preview:-1\" \/>\n<link rel=\"canonical\" href=\"https:\/\/www.otbwaterdesign.com\/fr\/blog\/\" \/>\n<meta property=\"og:locale\" content=\"fr_FR\" \/>\n<meta property=\"og:type\" content=\"article\" \/>\n<meta property=\"og:title\" content=\"Blog\" \/>\n<meta property=\"og:description\" content=\"Blog OTB\" \/>\n<meta property=\"og:url\" content=\"https:\/\/www.otbwaterdesign.com\/fr\/blog\/\" \/>\n<meta property=\"og:site_name\" content=\"Oficina T\u00e9cnica Buigas\" \/>\n<meta property=\"article:modified_time\" content=\"2024-01-31T10:22:44+00:00\" \/>\n<meta name=\"twitter:card\" content=\"summary_large_image\" \/>\n<script type=\"application\/ld+json\" class=\"yoast-schema-graph\">{\"@context\":\"https:\/\/schema.org\",\"@graph\":[{\"@type\":\"WebPage\",\"@id\":\"https:\/\/www.otbwaterdesign.com\/fr\/blog\/\",\"url\":\"https:\/\/www.otbwaterdesign.com\/fr\/blog\/\",\"name\":\"Blog - Oficina T\u00e9cnica Buigas\",\"isPartOf\":{\"@id\":\"https:\/\/www.otbwaterdesign.com\/fr\/#website\"},\"datePublished\":\"2024-01-16T12:24:43+00:00\",\"dateModified\":\"2024-01-31T10:22:44+00:00\",\"breadcrumb\":{\"@id\":\"https:\/\/www.otbwaterdesign.com\/fr\/blog\/#breadcrumb\"},\"inLanguage\":\"fr-FR\",\"potentialAction\":[{\"@type\":\"ReadAction\",\"target\":[\"https:\/\/www.otbwaterdesign.com\/fr\/blog\/\"]}]},{\"@type\":\"BreadcrumbList\",\"@id\":\"https:\/\/www.otbwaterdesign.com\/fr\/blog\/#breadcrumb\",\"itemListElement\":[{\"@type\":\"ListItem\",\"position\":1,\"name\":\"Portada\",\"item\":\"https:\/\/www.otbwaterdesign.com\/fr\/\"},{\"@type\":\"ListItem\",\"position\":2,\"name\":\"Blog\"}]},{\"@type\":\"WebSite\",\"@id\":\"https:\/\/www.otbwaterdesign.com\/fr\/#website\",\"url\":\"https:\/\/www.otbwaterdesign.com\/fr\/\",\"name\":\"Oficina T\u00e9cnica Buigas\",\"description\":\"Fuentes Ornamentales OTB\",\"publisher\":{\"@id\":\"https:\/\/www.otbwaterdesign.com\/fr\/#organization\"},\"potentialAction\":[{\"@type\":\"SearchAction\",\"target\":{\"@type\":\"EntryPoint\",\"urlTemplate\":\"https:\/\/www.otbwaterdesign.com\/fr\/?s={search_term_string}\"},\"query-input\":\"required name=search_term_string\"}],\"inLanguage\":\"fr-FR\"},{\"@type\":\"Organization\",\"@id\":\"https:\/\/www.otbwaterdesign.com\/fr\/#organization\",\"name\":\"Otb.es\",\"url\":\"https:\/\/www.otbwaterdesign.com\/fr\/\",\"logo\":{\"@type\":\"ImageObject\",\"inLanguage\":\"fr-FR\",\"@id\":\"https:\/\/www.otbwaterdesign.com\/fr\/#\/schema\/logo\/image\/\",\"url\":\"https:\/\/www.otbwaterdesign.com\/wp-content\/uploads\/2020\/10\/OTB-Logo-2.png\",\"contentUrl\":\"https:\/\/www.otbwaterdesign.com\/wp-content\/uploads\/2020\/10\/OTB-Logo-2.png\",\"width\":216,\"height\":228,\"caption\":\"Otb.es\"},\"image\":{\"@id\":\"https:\/\/www.otbwaterdesign.com\/fr\/#\/schema\/logo\/image\/\"}}]}<\/script>\n<!-- \/ Yoast SEO Premium plugin. -->","yoast_head_json":{"title":"Blog - Oficina T\u00e9cnica Buigas","robots":{"index":"index","follow":"follow","max-snippet":"max-snippet:-1","max-image-preview":"max-image-preview:large","max-video-preview":"max-video-preview:-1"},"canonical":"https:\/\/www.otbwaterdesign.com\/fr\/blog\/","og_locale":"fr_FR","og_type":"article","og_title":"Blog","og_description":"Blog OTB","og_url":"https:\/\/www.otbwaterdesign.com\/fr\/blog\/","og_site_name":"Oficina T\u00e9cnica Buigas","article_modified_time":"2024-01-31T10:22:44+00:00","twitter_card":"summary_large_image","schema":{"@context":"https:\/\/schema.org","@graph":[{"@type":"WebPage","@id":"https:\/\/www.otbwaterdesign.com\/fr\/blog\/","url":"https:\/\/www.otbwaterdesign.com\/fr\/blog\/","name":"Blog - Oficina T\u00e9cnica Buigas","isPartOf":{"@id":"https:\/\/www.otbwaterdesign.com\/fr\/#website"},"datePublished":"2024-01-16T12:24:43+00:00","dateModified":"2024-01-31T10:22:44+00:00","breadcrumb":{"@id":"https:\/\/www.otbwaterdesign.com\/fr\/blog\/#breadcrumb"},"inLanguage":"fr-FR","potentialAction":[{"@type":"ReadAction","target":["https:\/\/www.otbwaterdesign.com\/fr\/blog\/"]}]},{"@type":"BreadcrumbList","@id":"https:\/\/www.otbwaterdesign.com\/fr\/blog\/#breadcrumb","itemListElement":[{"@type":"ListItem","position":1,"name":"Portada","item":"https:\/\/www.otbwaterdesign.com\/fr\/"},{"@type":"ListItem","position":2,"name":"Blog"}]},{"@type":"WebSite","@id":"https:\/\/www.otbwaterdesign.com\/fr\/#website","url":"https:\/\/www.otbwaterdesign.com\/fr\/","name":"Oficina T\u00e9cnica Buigas","description":"Fuentes Ornamentales OTB","publisher":{"@id":"https:\/\/www.otbwaterdesign.com\/fr\/#organization"},"potentialAction":[{"@type":"SearchAction","target":{"@type":"EntryPoint","urlTemplate":"https:\/\/www.otbwaterdesign.com\/fr\/?s={search_term_string}"},"query-input":"required name=search_term_string"}],"inLanguage":"fr-FR"},{"@type":"Organization","@id":"https:\/\/www.otbwaterdesign.com\/fr\/#organization","name":"Otb.es","url":"https:\/\/www.otbwaterdesign.com\/fr\/","logo":{"@type":"ImageObject","inLanguage":"fr-FR","@id":"https:\/\/www.otbwaterdesign.com\/fr\/#\/schema\/logo\/image\/","url":"https:\/\/www.otbwaterdesign.com\/wp-content\/uploads\/2020\/10\/OTB-Logo-2.png","contentUrl":"https:\/\/www.otbwaterdesign.com\/wp-content\/uploads\/2020\/10\/OTB-Logo-2.png","width":216,"height":228,"caption":"Otb.es"},"image":{"@id":"https:\/\/www.otbwaterdesign.com\/fr\/#\/schema\/logo\/image\/"}}]}},"_links":{"self":[{"href":"https:\/\/www.otbwaterdesign.com\/fr\/wp-json\/wp\/v2\/pages\/11215"}],"collection":[{"href":"https:\/\/www.otbwaterdesign.com\/fr\/wp-json\/wp\/v2\/pages"}],"about":[{"href":"https:\/\/www.otbwaterdesign.com\/fr\/wp-json\/wp\/v2\/types\/page"}],"author":[{"embeddable":true,"href":"https:\/\/www.otbwaterdesign.com\/fr\/wp-json\/wp\/v2\/users\/1"}],"replies":[{"embeddable":true,"href":"https:\/\/www.otbwaterdesign.com\/fr\/wp-json\/wp\/v2\/comments?post=11215"}],"version-history":[{"count":2,"href":"https:\/\/www.otbwaterdesign.com\/fr\/wp-json\/wp\/v2\/pages\/11215\/revisions"}],"predecessor-version":[{"id":11259,"href":"https:\/\/www.otbwaterdesign.com\/fr\/wp-json\/wp\/v2\/pages\/11215\/revisions\/11259"}],"wp:attachment":[{"href":"https:\/\/www.otbwaterdesign.com\/fr\/wp-json\/wp\/v2\/media?parent=11215"}],"curies":[{"name":"wp","href":"https:\/\/api.w.org\/{rel}","templated":true}]}}