{"id":986,"date":"2020-11-03T11:37:56","date_gmt":"2020-11-03T11:37:56","guid":{"rendered":"http:\/\/perer5.sg-host.com\/avertissement-legal\/"},"modified":"2024-03-06T11:05:24","modified_gmt":"2024-03-06T11:05:24","slug":"avertissement-legal","status":"publish","type":"page","link":"https:\/\/www.otbwaterdesign.com\/fr\/avertissement-legal\/","title":{"rendered":"Avertissement L\u00e9gal"},"content":{"rendered":"\t\t<div data-elementor-type=\"wp-page\" data-elementor-id=\"986\" class=\"elementor elementor-986 elementor-316\" data-elementor-post-type=\"page\">\n\t\t\t\t\t\t<section data-particle_enable=\"false\" data-particle-mobile-disabled=\"false\" class=\"has_ae_slider elementor-section elementor-top-section elementor-element elementor-element-fa2650b elementor-section-boxed elementor-section-height-default elementor-section-height-default ae-bg-gallery-type-default\" data-id=\"fa2650b\" data-element_type=\"section\" data-settings=\"{&quot;background_background&quot;:&quot;classic&quot;}\">\n\t\t\t\t\t\t<div class=\"elementor-container elementor-column-gap-default\">\n\t\t\t\t\t<div class=\"has_ae_slider elementor-column elementor-col-100 elementor-top-column elementor-element elementor-element-2e8b683 ae-bg-gallery-type-default\" data-id=\"2e8b683\" data-element_type=\"column\">\n\t\t\t<div class=\"elementor-widget-wrap\">\n\t\t\t\t\t\t\t<\/div>\n\t\t<\/div>\n\t\t\t\t\t<\/div>\n\t\t<\/section>\n\t\t\t\t<section data-particle_enable=\"false\" data-particle-mobile-disabled=\"false\" class=\"has_ae_slider elementor-section elementor-top-section elementor-element elementor-element-a303fd8 elementor-section-boxed elementor-section-height-default elementor-section-height-default ae-bg-gallery-type-default\" data-id=\"a303fd8\" data-element_type=\"section\">\n\t\t\t\t\t\t<div class=\"elementor-container elementor-column-gap-default\">\n\t\t\t\t\t<div class=\"has_ae_slider elementor-column elementor-col-100 elementor-top-column elementor-element elementor-element-24d7de2 ae-bg-gallery-type-default\" data-id=\"24d7de2\" data-element_type=\"column\">\n\t\t\t<div class=\"elementor-widget-wrap elementor-element-populated\">\n\t\t\t\t\t\t<div class=\"elementor-element elementor-element-5f236fb elementor-widget elementor-widget-heading\" data-id=\"5f236fb\" data-element_type=\"widget\" data-widget_type=\"heading.default\">\n\t\t\t\t<div class=\"elementor-widget-container\">\n\t\t\t<h1 class=\"elementor-heading-title elementor-size-default\"><br class=\"Apple-interchange-newline\"><span style=\"color: rgb(10, 10, 10); font-family: &quot;Josefin Sans&quot;; letter-spacing: 3.5px; text-transform: uppercase; white-space: normal;\">AVISO LEGAL Y POL\u00cdTICA DEL SISTEMA INTEGRADO DE GESTI\u00d3N<\/span><\/h1>\t\t<\/div>\n\t\t\t\t<\/div>\n\t\t\t\t<div class=\"elementor-element elementor-element-5bdddcf elementor-widget elementor-widget-heading\" data-id=\"5bdddcf\" data-element_type=\"widget\" data-widget_type=\"heading.default\">\n\t\t\t\t<div class=\"elementor-widget-container\">\n\t\t\t<h2 class=\"elementor-heading-title elementor-size-default\">1. IDENTIT\u00c9 DU TITULAIRE DU SITE WEB<\/h2>\t\t<\/div>\n\t\t\t\t<\/div>\n\t\t\t\t<div class=\"elementor-element elementor-element-4d97dc3 elementor-widget elementor-widget-text-editor\" data-id=\"4d97dc3\" data-element_type=\"widget\" data-widget_type=\"text-editor.default\">\n\t\t\t\t<div class=\"elementor-widget-container\">\n\t\t\t\t\t\t\t<p>Conform\u00e9ment aux dispositions de l&rsquo;article 10 de la loi 34\/2002 du 11 juillet, relative aux services de la soci\u00e9t\u00e9 de l&rsquo;information et du commerce \u00e9lectronique, nous d\u00e9taillons ci-apr\u00e8s les donn\u00e9es d&rsquo;identification de l&rsquo;entit\u00e9 titulaire de ce site Web : COMSA SERVICE FACILITY MANAGEMENT, S.A.U., NIF A60470127, sise c\/ Vall\u00e8s, 2, 08940, Cornell\u00e0 de Llobregat (Barcelone), num\u00e9ro de t\u00e9l\u00e9phone de contact +34 934809150 et num\u00e9ro de t\u00e9l\u00e9copieur +34 934734912. Inscrite au registre du commerce de Barcelone, tome 44429, Folio 110, feuillet B108797, inscription 86, date d\u2019inscription 30\/12\/2015.(<a href=\"mailto:comsaservice.web@comsa.com\">comsaservice.web@comsa.com<\/a>)<\/p>\n\t\t\t\t\t\t<\/div>\n\t\t\t\t<\/div>\n\t\t\t\t<div class=\"elementor-element elementor-element-270ae11 elementor-widget elementor-widget-heading\" data-id=\"270ae11\" data-element_type=\"widget\" data-widget_type=\"heading.default\">\n\t\t\t\t<div class=\"elementor-widget-container\">\n\t\t\t<h2 class=\"elementor-heading-title elementor-size-default\">2. ACCEPTATION DES CONDITIONS D\u2019UTILISATION<\/h2>\t\t<\/div>\n\t\t\t\t<\/div>\n\t\t\t\t<div class=\"elementor-element elementor-element-a20a9ef elementor-widget elementor-widget-text-editor\" data-id=\"a20a9ef\" data-element_type=\"widget\" data-widget_type=\"text-editor.default\">\n\t\t\t\t<div class=\"elementor-widget-container\">\n\t\t\t\t\t\t\t<p>Les pr\u00e9sentes conditions (ci-apr\u00e8s Avertissement l\u00e9gal) ont pour objet de r\u00e9guler l&rsquo;utilisation de ce site web mis \u00e0 disposition du public par son titulaire \u00e0 la pr\u00e9sente adresse URL. L&rsquo;utilisation du site par un tiers lui attribue la condition d&rsquo;utilisateur et suppose la pleine acceptation par cet utilisateur, de toutes les conditions d\u00e9taill\u00e9es dans le pr\u00e9sent avertissement l\u00e9gal.<\/p>\n\t\t\t\t\t\t<\/div>\n\t\t\t\t<\/div>\n\t\t\t\t<div class=\"elementor-element elementor-element-161df4d elementor-widget elementor-widget-heading\" data-id=\"161df4d\" data-element_type=\"widget\" data-widget_type=\"heading.default\">\n\t\t\t\t<div class=\"elementor-widget-container\">\n\t\t\t<h2 class=\"elementor-heading-title elementor-size-default\"> 3. CORRECTE UTILISATION DU SITE<\/h2>\t\t<\/div>\n\t\t\t\t<\/div>\n\t\t\t\t<div class=\"elementor-element elementor-element-bca6de4 elementor-widget elementor-widget-text-editor\" data-id=\"bca6de4\" data-element_type=\"widget\" data-widget_type=\"text-editor.default\">\n\t\t\t\t<div class=\"elementor-widget-container\">\n\t\t\t\t\t\t\t<p>L\u2019utilisateur s&rsquo;engage \u00e0 utiliser le site, ainsi que ses contenus et services conform\u00e9ment \u00e0 la loi, au pr\u00e9sent avertissement l\u00e9gal, aux bonnes m\u0153urs et \u00e0 l&rsquo;ordre public. En outre, l&rsquo;utilisateur s&rsquo;engage \u00e0 ne pas utiliser le site ou les services fournis par celui-ci \u00e0 des fins ou effets illicites ou contraires au contenu du pr\u00e9sent avertissement l\u00e9gal, pr\u00e9judiciables aux int\u00e9r\u00eats ou droits de tiers ou susceptibles de quelque mani\u00e8re que ce soit d\u2019endommager, de rendre inutilisable ou de d\u00e9t\u00e9riorer le site web ou ses services ou d\u2019emp\u00eacher son utilisation normale par d&rsquo;autres utilisateurs.<\/p>\n\t\t\t\t\t\t<\/div>\n\t\t\t\t<\/div>\n\t\t\t\t<div class=\"elementor-element elementor-element-9b64aab elementor-widget elementor-widget-heading\" data-id=\"9b64aab\" data-element_type=\"widget\" data-widget_type=\"heading.default\">\n\t\t\t\t<div class=\"elementor-widget-container\">\n\t\t\t<h2 class=\"elementor-heading-title elementor-size-default\">4. PROPRI\u00c9T\u00c9 INTELLECTUELLE ET INDUSTRIELLE<\/h2>\t\t<\/div>\n\t\t\t\t<\/div>\n\t\t\t\t<div class=\"elementor-element elementor-element-6cd3d13 elementor-widget elementor-widget-text-editor\" data-id=\"6cd3d13\" data-element_type=\"widget\" data-widget_type=\"text-editor.default\">\n\t\t\t\t<div class=\"elementor-widget-container\">\n\t\t\t\t\t\t\t<p>L\u2019ensemble des contenus du site web, sauf indication contraire, sont la propri\u00e9t\u00e9 exclusive du titulaire du site ou de tiers ainsi que, \u00e0 titre d\u2019information, et de mani\u00e8re non restrictive, la conception graphique, le code source, les logos, textes, graphiques, illustrations, photos et autres \u00e9l\u00e9ments qui apparaissent sur le site. De m\u00eame, tous les noms commerciaux, les marques ou signes distinctifs de toute nature contenus sur le site sont prot\u00e9g\u00e9s par la loi. Le titulaire du site n&rsquo;accorde pas de licence ou d\u2019autorisation d&rsquo;usage personnel \u00e0 l&rsquo;utilisateur sur ses droits de propri\u00e9t\u00e9 intellectuelle et industrielle ou sur tout autre droit li\u00e9 \u00e0 son site web et aux services offerts par celui-ci. Par cons\u00e9quent, l&rsquo;utilisateur reconna\u00eet que la reproduction, la distribution, la commercialisation, la transformation, et en g\u00e9n\u00e9ral, toute autre forme d&rsquo;exploitation, par tout moyen que ce soit, de tout ou partie du contenu de ce site constitue une violation des droits de propri\u00e9t\u00e9 intellectuelle et\/ou industrielle du titulaire du site ou du titulaire de ceux-ci.<\/p>\n\t\t\t\t\t\t<\/div>\n\t\t\t\t<\/div>\n\t\t\t\t<div class=\"elementor-element elementor-element-ec1ea57 elementor-widget elementor-widget-heading\" data-id=\"ec1ea57\" data-element_type=\"widget\" data-widget_type=\"heading.default\">\n\t\t\t\t<div class=\"elementor-widget-container\">\n\t\t\t<h2 class=\"elementor-heading-title elementor-size-default\">5. R\u00c9GIME DE RESPONSABILIT\u00c9<\/h2>\t\t<\/div>\n\t\t\t\t<\/div>\n\t\t\t\t<div class=\"elementor-element elementor-element-e6a2e65 elementor-widget elementor-widget-text-editor\" data-id=\"e6a2e65\" data-element_type=\"widget\" data-widget_type=\"text-editor.default\">\n\t\t\t\t<div class=\"elementor-widget-container\">\n\t\t\t\t\t\t\t<p>Responsabilit\u00e9 relative \u00e0 l&rsquo;utilisation du site. L&rsquo;utilisateur est seul responsable des infractions qu\u2019il est susceptible de commettre ou des dommages qu\u2019il peut causer en raison de l&rsquo;utilisation du site. Le titulaire du site web, ses collaborateurs, les entreprises du groupe, partenaires, employ\u00e9s et repr\u00e9sentants, sont d\u00e9gag\u00e9s de tout type de responsabilit\u00e9 qui pourrait d\u00e9couler des actions de l&rsquo;utilisateur. Le titulaire du site utilisera tous les efforts et moyens raisonnables pour fournir des informations mises \u00e0 jour et fiables sur le site. Toutefois, le titulaire n\u2019apporte aucune garantie quant \u00e0 l&rsquo;absence d&rsquo;erreurs ou d&rsquo;\u00e9ventuelles inexactitudes et\/ou omissions dans les contenus du site. Dans le cas o\u00f9 l\u2019utilisation de mots de passe personnels serait requise aupr\u00e8s de l&rsquo;utilisateur enregistr\u00e9 en tant que tel pour certains services (par exemple, recrutement du personnel), l&rsquo;utilisateur devra conserver sous sa seule responsabilit\u00e9 les mots de passe dans la plus stricte confidentialit\u00e9, assumant ainsi, tous les dommages ou les cons\u00e9quences d\u00e9coulant de la rupture ou de la divulgation du secret. Responsabilit\u00e9 du fonctionnement du site web Le titulaire du site exclut toute responsabilit\u00e9 concernant la disponibilit\u00e9 et la continuit\u00e9 du site ainsi que des services li\u00e9s \u00e0 celui-ci, ainsi que concernant toute interf\u00e9rence, omission, interruption, de virus informatique, panne t\u00e9l\u00e9phonique ou d\u00e9connection dans le fonctionnement op\u00e9rationnel du syst\u00e8me \u00e9lectronique, motiv\u00e9 par des causes ext\u00e9rieures au titulaire du site. Le titulaire du site est autoris\u00e9 \u00e0 suspendre temporairement, et sans pr\u00e9avis, l&rsquo;accessibilit\u00e9 au pour des op\u00e9rations d&rsquo;entretien, de r\u00e9paration, de mise \u00e0 jour ou d&rsquo;am\u00e9lioration. Responsabilit\u00e9 relatives aux liens. Les liens ou links contenus sur les site peuvent conduire l&rsquo;utilisateur vers d&rsquo;autres sites g\u00e9r\u00e9s par des tiers. Le r\u00f4le des links publi\u00e9s est uniquement d&rsquo;informer l&rsquo;utilisateur de l&rsquo;existence d&rsquo;autres sources d&rsquo;informations sur un sujet particulier. Le titulaire du site est d\u00e9gag\u00e9 de toute responsabilit\u00e9 concernant le bon fonctionnement de ces liens, le r\u00e9sultat obtenu par le biais de ces liens, la v\u00e9racit\u00e9 et le caract\u00e8re licite du contenu ou des informations contenues, ainsi que des dommages subis par l&rsquo;utilisateur en raison de l&rsquo;information trouv\u00e9e sur le site web du lien.<\/p>\n\t\t\t\t\t\t<\/div>\n\t\t\t\t<\/div>\n\t\t\t\t<div class=\"elementor-element elementor-element-d2f0b53 elementor-widget elementor-widget-heading\" data-id=\"d2f0b53\" data-element_type=\"widget\" data-widget_type=\"heading.default\">\n\t\t\t\t<div class=\"elementor-widget-container\">\n\t\t\t<h2 class=\"elementor-heading-title elementor-size-default\">6. POLITIQUE RELATIVE AU RESPECT DES DONN\u00c9ES PERSONNELLES COLLECT\u00c9ES SUR LE SITE<\/h2>\t\t<\/div>\n\t\t\t\t<\/div>\n\t\t\t\t<div class=\"elementor-element elementor-element-77482e2 elementor-widget elementor-widget-text-editor\" data-id=\"77482e2\" data-element_type=\"widget\" data-widget_type=\"text-editor.default\">\n\t\t\t\t<div class=\"elementor-widget-container\">\n\t\t\t\t\t\t\t<p>Pour visiter le site web de COMSA SERVICE FACILITY MANAGEMENT, S.A.U., il n&rsquo;est en g\u00e9n\u00e9ral pas n\u00e9cessaire de fournir des donn\u00e9es \u00e0 caract\u00e8re personnel. N\u00e9anmoins, il est possible qu\u2019elles soient requises dans certaines circonstances pour pouvoir communiquer avec vous. Dans le cas o\u00f9 vous nous fournissez des donn\u00e9es \u00e0 caract\u00e8re personnel, celles-ci seront incorpor\u00e9es dans le fichier correspondant, propri\u00e9t\u00e9 de COMSA SERVICE FACILITY MANAGEMENT, S.A.U., et leur traitement ne sera effectu\u00e9 que dans le but pour lequel elles ont \u00e9t\u00e9 fournies : r\u00e9ponse \u00e0 des consultations, contact commercial relatif \u00e0 des produits et services de COMSA SERVICE FACILITY MANAGEMENT, S.A.U., s\u00e9lection et recrutement de salari\u00e9s et\/ou autres fonctionnalit\u00e9s. Dans le cas o\u00f9 vous ne souhaitiez pas fournir de donn\u00e9es personnelles, la possibilit\u00e9 de b\u00e9n\u00e9ficier de certaines fonctionnalit\u00e9s offertes par notre site Web requ\u00e9rant des donn\u00e9es personnelles pourra vous \u00eatre refus\u00e9e, notamment concernant la s\u00e9lection de personnel (recruitment). Le fait de fournir vos donn\u00e9es personnelles implique votre consentement expr\u00e8s \u00e0 leur traitement dans les termes d\u00e9crits. \u00c0 tout moment, vous disposez du droit d&rsquo;acc\u00e8s, de rectification ou d\u2019annulation des donn\u00e9es personnelles fournies, ainsi que d\u2019opposition \u00e0 leur traitement, en vous adressant \u00e0 COMSA SERVICE FACILITY MANAGEMENT, S.A.U. par envoi d&rsquo;un courrier \u00e9lectronique \u00e0 comsaservice.web@comsa.com ou aux bureaux sis Calle Vall\u00e8s, 2 \u00e0 Cornell\u00e0 de Llobregat (08940). Le pr\u00e9sent site web est susceptible d\u2019utiliser des \u00ab cookies \u00bb afin de faciliter la navigation et d&rsquo;offrir un service personnalis\u00e9 plus adapt\u00e9. Vous pouvez configurer votre programme de navigation par Internet afin de ne pas recevoir ces \u00ab cookies \u00bb ; dans ce cas la qualit\u00e9 et la rapidit\u00e9 de navigation sur le site peut diminuer.<\/p>\n\t\t\t\t\t\t<\/div>\n\t\t\t\t<\/div>\n\t\t\t\t\t<\/div>\n\t\t<\/div>\n\t\t\t\t\t<\/div>\n\t\t<\/section>\n\t\t\t\t<\/div>\n\t\t","protected":false},"excerpt":{"rendered":"<p>AVISO LEGAL Y POL\u00cdTICA DEL SISTEMA INTEGRADO DE GESTI\u00d3N 1. IDENTIT\u00c9 DU TITULAIRE DU SITE WEB Conform\u00e9ment aux dispositions de l&rsquo;article 10 de la loi 34\/2002 du 11 juillet, relative aux services de la soci\u00e9t\u00e9 de l&rsquo;information et du commerce \u00e9lectronique, nous d\u00e9taillons ci-apr\u00e8s les donn\u00e9es d&rsquo;identification de l&rsquo;entit\u00e9 titulaire de ce site Web : &#8230; <a title=\"Avertissement L\u00e9gal\" class=\"read-more\" href=\"https:\/\/www.otbwaterdesign.com\/fr\/avertissement-legal\/\" aria-label=\"Read more about Avertissement L\u00e9gal\">Lire plus<\/a><\/p>\n","protected":false},"author":1,"featured_media":0,"parent":0,"menu_order":0,"comment_status":"closed","ping_status":"closed","template":"elementor_header_footer","meta":{"_acf_changed":false,"footnotes":""},"acf":[],"yoast_head":"<!-- This site is optimized with the Yoast SEO Premium plugin v22.5 (Yoast SEO v22.5) - https:\/\/yoast.com\/wordpress\/plugins\/seo\/ -->\n<title>Avertissement L\u00e9gal - Oficina T\u00e9cnica Buigas<\/title>\n<meta name=\"robots\" content=\"noindex, follow\" \/>\n<meta property=\"og:locale\" content=\"fr_FR\" \/>\n<meta property=\"og:type\" content=\"article\" \/>\n<meta property=\"og:title\" content=\"Avertissement L\u00e9gal\" \/>\n<meta property=\"og:description\" content=\"AVISO LEGAL Y POL\u00cdTICA DEL SISTEMA INTEGRADO DE GESTI\u00d3N 1. IDENTIT\u00c9 DU TITULAIRE DU SITE WEB Conform\u00e9ment aux dispositions de l&rsquo;article 10 de la loi 34\/2002 du 11 juillet, relative aux services de la soci\u00e9t\u00e9 de l&rsquo;information et du commerce \u00e9lectronique, nous d\u00e9taillons ci-apr\u00e8s les donn\u00e9es d&rsquo;identification de l&rsquo;entit\u00e9 titulaire de ce site Web : ... Lire plus\" \/>\n<meta property=\"og:url\" content=\"https:\/\/www.otbwaterdesign.com\/fr\/avertissement-legal\/\" \/>\n<meta property=\"og:site_name\" content=\"Oficina T\u00e9cnica Buigas\" \/>\n<meta property=\"article:modified_time\" content=\"2024-03-06T11:05:24+00:00\" \/>\n<meta name=\"twitter:card\" content=\"summary_large_image\" \/>\n<meta name=\"twitter:label1\" content=\"Dur\u00e9e de lecture estim\u00e9e\" \/>\n\t<meta name=\"twitter:data1\" content=\"5 minutes\" \/>\n<script type=\"application\/ld+json\" class=\"yoast-schema-graph\">{\"@context\":\"https:\/\/schema.org\",\"@graph\":[{\"@type\":\"WebPage\",\"@id\":\"https:\/\/www.otbwaterdesign.com\/fr\/avertissement-legal\/\",\"url\":\"https:\/\/www.otbwaterdesign.com\/fr\/avertissement-legal\/\",\"name\":\"Avertissement L\u00e9gal - Oficina T\u00e9cnica Buigas\",\"isPartOf\":{\"@id\":\"https:\/\/www.otbwaterdesign.com\/fr\/#website\"},\"datePublished\":\"2020-11-03T11:37:56+00:00\",\"dateModified\":\"2024-03-06T11:05:24+00:00\",\"breadcrumb\":{\"@id\":\"https:\/\/www.otbwaterdesign.com\/fr\/avertissement-legal\/#breadcrumb\"},\"inLanguage\":\"fr-FR\",\"potentialAction\":[{\"@type\":\"ReadAction\",\"target\":[\"https:\/\/www.otbwaterdesign.com\/fr\/avertissement-legal\/\"]}]},{\"@type\":\"BreadcrumbList\",\"@id\":\"https:\/\/www.otbwaterdesign.com\/fr\/avertissement-legal\/#breadcrumb\",\"itemListElement\":[{\"@type\":\"ListItem\",\"position\":1,\"name\":\"Portada\",\"item\":\"https:\/\/www.otbwaterdesign.com\/fr\/\"},{\"@type\":\"ListItem\",\"position\":2,\"name\":\"Avertissement L\u00e9gal\"}]},{\"@type\":\"WebSite\",\"@id\":\"https:\/\/www.otbwaterdesign.com\/fr\/#website\",\"url\":\"https:\/\/www.otbwaterdesign.com\/fr\/\",\"name\":\"Oficina T\u00e9cnica Buigas\",\"description\":\"Fuentes Ornamentales OTB\",\"publisher\":{\"@id\":\"https:\/\/www.otbwaterdesign.com\/fr\/#organization\"},\"potentialAction\":[{\"@type\":\"SearchAction\",\"target\":{\"@type\":\"EntryPoint\",\"urlTemplate\":\"https:\/\/www.otbwaterdesign.com\/fr\/?s={search_term_string}\"},\"query-input\":\"required name=search_term_string\"}],\"inLanguage\":\"fr-FR\"},{\"@type\":\"Organization\",\"@id\":\"https:\/\/www.otbwaterdesign.com\/fr\/#organization\",\"name\":\"Otb.es\",\"url\":\"https:\/\/www.otbwaterdesign.com\/fr\/\",\"logo\":{\"@type\":\"ImageObject\",\"inLanguage\":\"fr-FR\",\"@id\":\"https:\/\/www.otbwaterdesign.com\/fr\/#\/schema\/logo\/image\/\",\"url\":\"https:\/\/www.otbwaterdesign.com\/wp-content\/uploads\/2020\/10\/OTB-Logo-2.png\",\"contentUrl\":\"https:\/\/www.otbwaterdesign.com\/wp-content\/uploads\/2020\/10\/OTB-Logo-2.png\",\"width\":216,\"height\":228,\"caption\":\"Otb.es\"},\"image\":{\"@id\":\"https:\/\/www.otbwaterdesign.com\/fr\/#\/schema\/logo\/image\/\"}}]}<\/script>\n<!-- \/ Yoast SEO Premium plugin. -->","yoast_head_json":{"title":"Avertissement L\u00e9gal - Oficina T\u00e9cnica Buigas","robots":{"index":"noindex","follow":"follow"},"og_locale":"fr_FR","og_type":"article","og_title":"Avertissement L\u00e9gal","og_description":"AVISO LEGAL Y POL\u00cdTICA DEL SISTEMA INTEGRADO DE GESTI\u00d3N 1. IDENTIT\u00c9 DU TITULAIRE DU SITE WEB Conform\u00e9ment aux dispositions de l&rsquo;article 10 de la loi 34\/2002 du 11 juillet, relative aux services de la soci\u00e9t\u00e9 de l&rsquo;information et du commerce \u00e9lectronique, nous d\u00e9taillons ci-apr\u00e8s les donn\u00e9es d&rsquo;identification de l&rsquo;entit\u00e9 titulaire de ce site Web : ... Lire plus","og_url":"https:\/\/www.otbwaterdesign.com\/fr\/avertissement-legal\/","og_site_name":"Oficina T\u00e9cnica Buigas","article_modified_time":"2024-03-06T11:05:24+00:00","twitter_card":"summary_large_image","twitter_misc":{"Dur\u00e9e de lecture estim\u00e9e":"5 minutes"},"schema":{"@context":"https:\/\/schema.org","@graph":[{"@type":"WebPage","@id":"https:\/\/www.otbwaterdesign.com\/fr\/avertissement-legal\/","url":"https:\/\/www.otbwaterdesign.com\/fr\/avertissement-legal\/","name":"Avertissement L\u00e9gal - Oficina T\u00e9cnica Buigas","isPartOf":{"@id":"https:\/\/www.otbwaterdesign.com\/fr\/#website"},"datePublished":"2020-11-03T11:37:56+00:00","dateModified":"2024-03-06T11:05:24+00:00","breadcrumb":{"@id":"https:\/\/www.otbwaterdesign.com\/fr\/avertissement-legal\/#breadcrumb"},"inLanguage":"fr-FR","potentialAction":[{"@type":"ReadAction","target":["https:\/\/www.otbwaterdesign.com\/fr\/avertissement-legal\/"]}]},{"@type":"BreadcrumbList","@id":"https:\/\/www.otbwaterdesign.com\/fr\/avertissement-legal\/#breadcrumb","itemListElement":[{"@type":"ListItem","position":1,"name":"Portada","item":"https:\/\/www.otbwaterdesign.com\/fr\/"},{"@type":"ListItem","position":2,"name":"Avertissement L\u00e9gal"}]},{"@type":"WebSite","@id":"https:\/\/www.otbwaterdesign.com\/fr\/#website","url":"https:\/\/www.otbwaterdesign.com\/fr\/","name":"Oficina T\u00e9cnica Buigas","description":"Fuentes Ornamentales OTB","publisher":{"@id":"https:\/\/www.otbwaterdesign.com\/fr\/#organization"},"potentialAction":[{"@type":"SearchAction","target":{"@type":"EntryPoint","urlTemplate":"https:\/\/www.otbwaterdesign.com\/fr\/?s={search_term_string}"},"query-input":"required name=search_term_string"}],"inLanguage":"fr-FR"},{"@type":"Organization","@id":"https:\/\/www.otbwaterdesign.com\/fr\/#organization","name":"Otb.es","url":"https:\/\/www.otbwaterdesign.com\/fr\/","logo":{"@type":"ImageObject","inLanguage":"fr-FR","@id":"https:\/\/www.otbwaterdesign.com\/fr\/#\/schema\/logo\/image\/","url":"https:\/\/www.otbwaterdesign.com\/wp-content\/uploads\/2020\/10\/OTB-Logo-2.png","contentUrl":"https:\/\/www.otbwaterdesign.com\/wp-content\/uploads\/2020\/10\/OTB-Logo-2.png","width":216,"height":228,"caption":"Otb.es"},"image":{"@id":"https:\/\/www.otbwaterdesign.com\/fr\/#\/schema\/logo\/image\/"}}]}},"_links":{"self":[{"href":"https:\/\/www.otbwaterdesign.com\/fr\/wp-json\/wp\/v2\/pages\/986"}],"collection":[{"href":"https:\/\/www.otbwaterdesign.com\/fr\/wp-json\/wp\/v2\/pages"}],"about":[{"href":"https:\/\/www.otbwaterdesign.com\/fr\/wp-json\/wp\/v2\/types\/page"}],"author":[{"embeddable":true,"href":"https:\/\/www.otbwaterdesign.com\/fr\/wp-json\/wp\/v2\/users\/1"}],"replies":[{"embeddable":true,"href":"https:\/\/www.otbwaterdesign.com\/fr\/wp-json\/wp\/v2\/comments?post=986"}],"version-history":[{"count":1,"href":"https:\/\/www.otbwaterdesign.com\/fr\/wp-json\/wp\/v2\/pages\/986\/revisions"}],"predecessor-version":[{"id":11368,"href":"https:\/\/www.otbwaterdesign.com\/fr\/wp-json\/wp\/v2\/pages\/986\/revisions\/11368"}],"wp:attachment":[{"href":"https:\/\/www.otbwaterdesign.com\/fr\/wp-json\/wp\/v2\/media?parent=986"}],"curies":[{"name":"wp","href":"https:\/\/api.w.org\/{rel}","templated":true}]}}