{"id":994,"date":"2020-11-03T12:03:10","date_gmt":"2020-11-03T12:03:10","guid":{"rendered":"http:\/\/perer5.sg-host.com\/politique-relative-aux-cookies\/"},"modified":"2023-03-15T12:26:06","modified_gmt":"2023-03-15T12:26:06","slug":"politique-relative-aux-cookies","status":"publish","type":"page","link":"https:\/\/www.otbwaterdesign.com\/fr\/politique-relative-aux-cookies\/","title":{"rendered":"Politique Relative aux Cookies"},"content":{"rendered":"\t\t<div data-elementor-type=\"wp-page\" data-elementor-id=\"994\" class=\"elementor elementor-994 elementor-310\" data-elementor-post-type=\"page\">\n\t\t\t\t\t\t<section data-particle_enable=\"false\" data-particle-mobile-disabled=\"false\" class=\"has_ae_slider elementor-section elementor-top-section elementor-element elementor-element-a21c2c3 elementor-section-boxed elementor-section-height-default elementor-section-height-default ae-bg-gallery-type-default\" data-id=\"a21c2c3\" data-element_type=\"section\" data-settings=\"{&quot;background_background&quot;:&quot;classic&quot;}\">\n\t\t\t\t\t\t<div class=\"elementor-container elementor-column-gap-default\">\n\t\t\t\t\t<div class=\"has_ae_slider elementor-column elementor-col-100 elementor-top-column elementor-element elementor-element-45d0cec ae-bg-gallery-type-default\" data-id=\"45d0cec\" data-element_type=\"column\">\n\t\t\t<div class=\"elementor-widget-wrap\">\n\t\t\t\t\t\t\t<\/div>\n\t\t<\/div>\n\t\t\t\t\t<\/div>\n\t\t<\/section>\n\t\t\t\t<section data-particle_enable=\"false\" data-particle-mobile-disabled=\"false\" class=\"has_ae_slider elementor-section elementor-top-section elementor-element elementor-element-a303fd8 elementor-section-boxed elementor-section-height-default elementor-section-height-default ae-bg-gallery-type-default\" data-id=\"a303fd8\" data-element_type=\"section\">\n\t\t\t\t\t\t<div class=\"elementor-container elementor-column-gap-default\">\n\t\t\t\t\t<div class=\"has_ae_slider elementor-column elementor-col-100 elementor-top-column elementor-element elementor-element-24d7de2 ae-bg-gallery-type-default\" data-id=\"24d7de2\" data-element_type=\"column\">\n\t\t\t<div class=\"elementor-widget-wrap elementor-element-populated\">\n\t\t\t\t\t\t<div class=\"elementor-element elementor-element-5f236fb elementor-widget elementor-widget-heading\" data-id=\"5f236fb\" data-element_type=\"widget\" data-widget_type=\"heading.default\">\n\t\t\t\t<div class=\"elementor-widget-container\">\n\t\t\t<h1 class=\"elementor-heading-title elementor-size-default\">POLITIQUE RELATIVE AUX COOKIES<\/h1>\t\t<\/div>\n\t\t\t\t<\/div>\n\t\t\t\t<div class=\"elementor-element elementor-element-5bdddcf elementor-widget elementor-widget-heading\" data-id=\"5bdddcf\" data-element_type=\"widget\" data-widget_type=\"heading.default\">\n\t\t\t\t<div class=\"elementor-widget-container\">\n\t\t\t<h2 class=\"elementor-heading-title elementor-size-default\">1. POLITIQUE RELATIVE AUX COOKIES<\/h2>\t\t<\/div>\n\t\t\t\t<\/div>\n\t\t\t\t<div class=\"elementor-element elementor-element-4d97dc3 elementor-widget elementor-widget-text-editor\" data-id=\"4d97dc3\" data-element_type=\"widget\" data-widget_type=\"text-editor.default\">\n\t\t\t\t<div class=\"elementor-widget-container\">\n\t\t\t\t\t\t\t<p>Le pr\u00e9sent site web utilise des cookies afin de faciliter la navigation et d&rsquo;offrir un service personnalis\u00e9 plus adapt\u00e9. Vous pouvez configurer votre programme de navigation par Internet afin de ne pas recevoir ces \u00ab cookies \u00bb ; dans ce cas la qualit\u00e9 et la rapidit\u00e9 de navigation sur le site peut diminuer. Que sont les cookies et \u00e0 quoi servent-il ? Les cookies sont des fichiers que les sites web peuvent installer sur votre dispositif (ordinateur, tablette, smartphone, etc.) \u00e0 des fins tr\u00e8s diverses. Le principal objectif est de faciliter la navigation de l&rsquo;utilisateur, mais ils peuvent \u00e9galement servir \u00e0 collecter des informations notamment, par exemple, \u00e0 des fins statistiques. Gr\u00e2ce \u00e0 l&rsquo;utilisation des cookies, l&rsquo;efficacit\u00e9 technique du site web est am\u00e9lior\u00e9e en adaptant la navigation aux pr\u00e9f\u00e9rences des utilisateurs. Par ailleurs, les informations statistiques collect\u00e9es \u00e0 partir des cookies permettent aux responsables du site d\u2019am\u00e9liorer le service offert aux utilisateurs. Typologie des cookies. En fonction de leur dur\u00e9e de permanence, les cookies sont class\u00e9s en cookies de session ou permanents. Les premiers expirent d\u00e8s la fermeture du navigateur, tandis que les seconds expirent lorsqu\u2019ils ont rempli leur fonction ou lorsqu\u2019ils sont effac\u00e9s manuellement. COOKIES DE RENDEMENT : Ces cookies conservent les pr\u00e9f\u00e9rences de certains outils pour ne pas avoir \u00e0 les d\u00e9finir pour chaque acc\u00e8s au site. COOKIES ANALYTIQUES : Ce sont des cookies qui permettent d&rsquo;analyser le trafic sur le site et d\u2019analyser statistiquement l&rsquo;utilisation des divers services offerts par celui-ci. La collecte de ces donn\u00e9es est anonyme et n\u2019est li\u00e9e \u00e0 aucune donn\u00e9e \u00e0 caract\u00e8re personnel. COOKIES DE G\u00c9OLOCALISATION : Ces cookies d\u00e9tectent, de mani\u00e8re anonyme, le pays dans lequel se trouve l&rsquo;utilisateur pour offrir des contenus et des services plus appropri\u00e9s. COOKIES D\u2019ENREGISTREMENT : Il s\u2019agit de cookies g\u00e9n\u00e9r\u00e9s lorsque l&rsquo;utilisateur s\u2019est enregistr\u00e9 et servent \u00e0 identifier les comptes utilisateur et les services associ\u00e9s. COOKIES DE PUBLICIT\u00c9 : Ce sont des cookies qui permettent de g\u00e9rer les diff\u00e9rentes annonces affich\u00e9es sur le site, en adaptant le contenu de l&rsquo;espace publicitaire \u00e0 l&rsquo;utilisation du site. COOKIES DE TIERS : Ces cookies de tiers peuvent \u00eatre install\u00e9s sur le site dans le but d&rsquo;am\u00e9liorer les services offerts par ces tiers, comme par exemple les liens vers des r\u00e9seaux sociaux pour partager les contenus du site.c Puis-je supprimer l&rsquo;installation de cookies ? Tous les navigateurs permettent de bloquer ou de supprimer les cookies si l&rsquo;utilisateur le pr\u00e9f\u00e8re. Nous vous indiquons ci-apr\u00e8s comment proc\u00e9der: Internet Explorer: Outils &gt; options Internet &gt; Confidentialit\u00e9 &gt; Configuration Firefox : Outils &gt; Options &gt; Confidentialit\u00e9 &gt; Historique &gt; Configuration personnalis\u00e9e Chrome : Configuration &gt; Afficher les options avanc\u00e9es &gt; Confidentialit\u00e9 &gt; Configuration de contenu Safari : Pr\u00e9f\u00e9rences &gt; S\u00e9curit\u00e9<\/p>\n\t\t\t\t\t\t<\/div>\n\t\t\t\t<\/div>\n\t\t\t\t<div class=\"elementor-element elementor-element-270ae11 elementor-widget elementor-widget-heading\" data-id=\"270ae11\" data-element_type=\"widget\" data-widget_type=\"heading.default\">\n\t\t\t\t<div class=\"elementor-widget-container\">\n\t\t\t<h2 class=\"elementor-heading-title elementor-size-default\">2. OBSERVATIONS DE L\u2019UTILISATEUR<\/h2>\t\t<\/div>\n\t\t\t\t<\/div>\n\t\t\t\t<div class=\"elementor-element elementor-element-a20a9ef elementor-widget elementor-widget-text-editor\" data-id=\"a20a9ef\" data-element_type=\"widget\" data-widget_type=\"text-editor.default\">\n\t\t\t\t<div class=\"elementor-widget-container\">\n\t\t\t\t\t\t\t<p>L\u2019utilisateur garantit que l&rsquo;information, le mat\u00e9riel, les contenus ou les observations qui ne correspondent pas \u00e0 ses propres donn\u00e9es personnelles et qui sont fournis au titulaire du site \u00e0 travers celui-ci, ne portent pas atteinte aux droits de propri\u00e9t\u00e9 intellectuelle ou industrielle de tiers, ni \u00e0 aucune autre disposition l\u00e9gale.<\/p>\n\t\t\t\t\t\t<\/div>\n\t\t\t\t<\/div>\n\t\t\t\t<div class=\"elementor-element elementor-element-161df4d elementor-widget elementor-widget-heading\" data-id=\"161df4d\" data-element_type=\"widget\" data-widget_type=\"heading.default\">\n\t\t\t\t<div class=\"elementor-widget-container\">\n\t\t\t<h2 class=\"elementor-heading-title elementor-size-default\">3. MODIFICATIONS DES CONDITIONS D\u2019UTILISATION<\/h2>\t\t<\/div>\n\t\t\t\t<\/div>\n\t\t\t\t<div class=\"elementor-element elementor-element-bca6de4 elementor-widget elementor-widget-text-editor\" data-id=\"bca6de4\" data-element_type=\"widget\" data-widget_type=\"text-editor.default\">\n\t\t\t\t<div class=\"elementor-widget-container\">\n\t\t\t\t\t\t\t<p>Le titulaire du site se r\u00e9serve le droit de modifier, d\u00e9velopper ou mettre \u00e0 jour \u00e0 tout moment et sans notification pr\u00e9alable, les conditions d&rsquo;utilisation du pr\u00e9sent site. L&rsquo;utilisateur sera automatiquement tenu de respecter les conditions d&rsquo;utilisation en vigueur au moment d&rsquo;acc\u00e9der sur le site, et devra par cons\u00e9quent lire r\u00e9guli\u00e8rement ces conditions d&rsquo;utilisation.<\/p>\n\t\t\t\t\t\t<\/div>\n\t\t\t\t<\/div>\n\t\t\t\t<div class=\"elementor-element elementor-element-9b64aab elementor-widget elementor-widget-heading\" data-id=\"9b64aab\" data-element_type=\"widget\" data-widget_type=\"heading.default\">\n\t\t\t\t<div class=\"elementor-widget-container\">\n\t\t\t<h2 class=\"elementor-heading-title elementor-size-default\">4. DROIT APPLICABLE ET COMP\u00c9TENCE JURIDICTIONNELLE<\/h2>\t\t<\/div>\n\t\t\t\t<\/div>\n\t\t\t\t<div class=\"elementor-element elementor-element-6cd3d13 elementor-widget elementor-widget-text-editor\" data-id=\"6cd3d13\" data-element_type=\"widget\" data-widget_type=\"text-editor.default\">\n\t\t\t\t<div class=\"elementor-widget-container\">\n\t\t\t\t\t\t\t<p>Tous les diff\u00e9rends ou r\u00e9clamations d\u00e9coulant de l&rsquo;interpr\u00e9tation ou de l\u2019ex\u00e9cution du pr\u00e9sent avertissement l\u00e9gal sont r\u00e9gis par la l\u00e9gislation espagnole, et sont soumis \u00e0 la juridiction des Tribunaux de Barcelone.<\/p>\n<p class=\"p1\"><span class=\"s1\">Nous utilisons des cookies propres et de tiers pour am\u00e9liorer nos services. En poursuivons votre navigation, nous consid\u00e9rons que vous consentez \u00e0 leur utilisation.<\/span><\/p>\n<p class=\"p1\"><span class=\"s1\">Plus d&rsquo;informations\u00a0: \u00a0Politique relative aux cookies<\/span><\/p>\n\t\t\t\t\t\t<\/div>\n\t\t\t\t<\/div>\n\t\t\t\t<div class=\"elementor-element elementor-element-f6bfe6c elementor-widget elementor-widget-shortcode\" data-id=\"f6bfe6c\" data-element_type=\"widget\" data-widget_type=\"shortcode.default\">\n\t\t\t\t<div class=\"elementor-widget-container\">\n\t\t\t\t\t<div class=\"elementor-shortcode\"><script id=\"CookieDeclaration\" src=\"https:\/\/consent.cookiebot.com\/fc654244-45c7-49e9-9f70-d17de5fe802f\/cd.js\" type=\"text\/javascript\" async><\/script><\/div>\n\t\t\t\t<\/div>\n\t\t\t\t<\/div>\n\t\t\t\t\t<\/div>\n\t\t<\/div>\n\t\t\t\t\t<\/div>\n\t\t<\/section>\n\t\t\t\t<\/div>\n\t\t","protected":false},"excerpt":{"rendered":"<p>POLITIQUE RELATIVE AUX COOKIES 1. POLITIQUE RELATIVE AUX COOKIES Le pr\u00e9sent site web utilise des cookies afin de faciliter la navigation et d&rsquo;offrir un service personnalis\u00e9 plus adapt\u00e9. Vous pouvez configurer votre programme de navigation par Internet afin de ne pas recevoir ces \u00ab cookies \u00bb ; dans ce cas la qualit\u00e9 et la rapidit\u00e9 &#8230; <a title=\"Politique Relative aux Cookies\" class=\"read-more\" href=\"https:\/\/www.otbwaterdesign.com\/fr\/politique-relative-aux-cookies\/\" aria-label=\"Read more about Politique Relative aux Cookies\">Lire plus<\/a><\/p>\n","protected":false},"author":1,"featured_media":0,"parent":0,"menu_order":0,"comment_status":"closed","ping_status":"closed","template":"elementor_header_footer","meta":{"_acf_changed":false,"footnotes":""},"acf":[],"yoast_head":"<!-- This site is optimized with the Yoast SEO Premium plugin v22.5 (Yoast SEO v22.5) - https:\/\/yoast.com\/wordpress\/plugins\/seo\/ -->\n<title>Politique Relative aux Cookies - Oficina T\u00e9cnica Buigas<\/title>\n<meta name=\"robots\" content=\"noindex, follow\" \/>\n<meta property=\"og:locale\" content=\"fr_FR\" \/>\n<meta property=\"og:type\" content=\"article\" \/>\n<meta property=\"og:title\" content=\"Politique Relative aux Cookies\" \/>\n<meta property=\"og:description\" content=\"POLITIQUE RELATIVE AUX COOKIES 1. POLITIQUE RELATIVE AUX COOKIES Le pr\u00e9sent site web utilise des cookies afin de faciliter la navigation et d&rsquo;offrir un service personnalis\u00e9 plus adapt\u00e9. Vous pouvez configurer votre programme de navigation par Internet afin de ne pas recevoir ces \u00ab cookies \u00bb ; dans ce cas la qualit\u00e9 et la rapidit\u00e9 ... Lire plus\" \/>\n<meta property=\"og:url\" content=\"https:\/\/www.otbwaterdesign.com\/fr\/politique-relative-aux-cookies\/\" \/>\n<meta property=\"og:site_name\" content=\"Oficina T\u00e9cnica Buigas\" \/>\n<meta property=\"article:modified_time\" content=\"2023-03-15T12:26:06+00:00\" \/>\n<meta name=\"twitter:card\" content=\"summary_large_image\" \/>\n<meta name=\"twitter:label1\" content=\"Dur\u00e9e de lecture estim\u00e9e\" \/>\n\t<meta name=\"twitter:data1\" content=\"3 minutes\" \/>\n<script type=\"application\/ld+json\" class=\"yoast-schema-graph\">{\"@context\":\"https:\/\/schema.org\",\"@graph\":[{\"@type\":\"WebPage\",\"@id\":\"https:\/\/www.otbwaterdesign.com\/fr\/politique-relative-aux-cookies\/\",\"url\":\"https:\/\/www.otbwaterdesign.com\/fr\/politique-relative-aux-cookies\/\",\"name\":\"Politique Relative aux Cookies - Oficina T\u00e9cnica Buigas\",\"isPartOf\":{\"@id\":\"https:\/\/www.otbwaterdesign.com\/fr\/#website\"},\"datePublished\":\"2020-11-03T12:03:10+00:00\",\"dateModified\":\"2023-03-15T12:26:06+00:00\",\"breadcrumb\":{\"@id\":\"https:\/\/www.otbwaterdesign.com\/fr\/politique-relative-aux-cookies\/#breadcrumb\"},\"inLanguage\":\"fr-FR\",\"potentialAction\":[{\"@type\":\"ReadAction\",\"target\":[\"https:\/\/www.otbwaterdesign.com\/fr\/politique-relative-aux-cookies\/\"]}]},{\"@type\":\"BreadcrumbList\",\"@id\":\"https:\/\/www.otbwaterdesign.com\/fr\/politique-relative-aux-cookies\/#breadcrumb\",\"itemListElement\":[{\"@type\":\"ListItem\",\"position\":1,\"name\":\"Portada\",\"item\":\"https:\/\/www.otbwaterdesign.com\/fr\/\"},{\"@type\":\"ListItem\",\"position\":2,\"name\":\"Politique Relative aux Cookies\"}]},{\"@type\":\"WebSite\",\"@id\":\"https:\/\/www.otbwaterdesign.com\/fr\/#website\",\"url\":\"https:\/\/www.otbwaterdesign.com\/fr\/\",\"name\":\"Oficina T\u00e9cnica Buigas\",\"description\":\"Fuentes Ornamentales OTB\",\"publisher\":{\"@id\":\"https:\/\/www.otbwaterdesign.com\/fr\/#organization\"},\"potentialAction\":[{\"@type\":\"SearchAction\",\"target\":{\"@type\":\"EntryPoint\",\"urlTemplate\":\"https:\/\/www.otbwaterdesign.com\/fr\/?s={search_term_string}\"},\"query-input\":\"required name=search_term_string\"}],\"inLanguage\":\"fr-FR\"},{\"@type\":\"Organization\",\"@id\":\"https:\/\/www.otbwaterdesign.com\/fr\/#organization\",\"name\":\"Otb.es\",\"url\":\"https:\/\/www.otbwaterdesign.com\/fr\/\",\"logo\":{\"@type\":\"ImageObject\",\"inLanguage\":\"fr-FR\",\"@id\":\"https:\/\/www.otbwaterdesign.com\/fr\/#\/schema\/logo\/image\/\",\"url\":\"https:\/\/www.otbwaterdesign.com\/wp-content\/uploads\/2020\/10\/OTB-Logo-2.png\",\"contentUrl\":\"https:\/\/www.otbwaterdesign.com\/wp-content\/uploads\/2020\/10\/OTB-Logo-2.png\",\"width\":216,\"height\":228,\"caption\":\"Otb.es\"},\"image\":{\"@id\":\"https:\/\/www.otbwaterdesign.com\/fr\/#\/schema\/logo\/image\/\"}}]}<\/script>\n<!-- \/ Yoast SEO Premium plugin. -->","yoast_head_json":{"title":"Politique Relative aux Cookies - Oficina T\u00e9cnica Buigas","robots":{"index":"noindex","follow":"follow"},"og_locale":"fr_FR","og_type":"article","og_title":"Politique Relative aux Cookies","og_description":"POLITIQUE RELATIVE AUX COOKIES 1. POLITIQUE RELATIVE AUX COOKIES Le pr\u00e9sent site web utilise des cookies afin de faciliter la navigation et d&rsquo;offrir un service personnalis\u00e9 plus adapt\u00e9. Vous pouvez configurer votre programme de navigation par Internet afin de ne pas recevoir ces \u00ab cookies \u00bb ; dans ce cas la qualit\u00e9 et la rapidit\u00e9 ... Lire plus","og_url":"https:\/\/www.otbwaterdesign.com\/fr\/politique-relative-aux-cookies\/","og_site_name":"Oficina T\u00e9cnica Buigas","article_modified_time":"2023-03-15T12:26:06+00:00","twitter_card":"summary_large_image","twitter_misc":{"Dur\u00e9e de lecture estim\u00e9e":"3 minutes"},"schema":{"@context":"https:\/\/schema.org","@graph":[{"@type":"WebPage","@id":"https:\/\/www.otbwaterdesign.com\/fr\/politique-relative-aux-cookies\/","url":"https:\/\/www.otbwaterdesign.com\/fr\/politique-relative-aux-cookies\/","name":"Politique Relative aux Cookies - Oficina T\u00e9cnica Buigas","isPartOf":{"@id":"https:\/\/www.otbwaterdesign.com\/fr\/#website"},"datePublished":"2020-11-03T12:03:10+00:00","dateModified":"2023-03-15T12:26:06+00:00","breadcrumb":{"@id":"https:\/\/www.otbwaterdesign.com\/fr\/politique-relative-aux-cookies\/#breadcrumb"},"inLanguage":"fr-FR","potentialAction":[{"@type":"ReadAction","target":["https:\/\/www.otbwaterdesign.com\/fr\/politique-relative-aux-cookies\/"]}]},{"@type":"BreadcrumbList","@id":"https:\/\/www.otbwaterdesign.com\/fr\/politique-relative-aux-cookies\/#breadcrumb","itemListElement":[{"@type":"ListItem","position":1,"name":"Portada","item":"https:\/\/www.otbwaterdesign.com\/fr\/"},{"@type":"ListItem","position":2,"name":"Politique Relative aux Cookies"}]},{"@type":"WebSite","@id":"https:\/\/www.otbwaterdesign.com\/fr\/#website","url":"https:\/\/www.otbwaterdesign.com\/fr\/","name":"Oficina T\u00e9cnica Buigas","description":"Fuentes Ornamentales OTB","publisher":{"@id":"https:\/\/www.otbwaterdesign.com\/fr\/#organization"},"potentialAction":[{"@type":"SearchAction","target":{"@type":"EntryPoint","urlTemplate":"https:\/\/www.otbwaterdesign.com\/fr\/?s={search_term_string}"},"query-input":"required name=search_term_string"}],"inLanguage":"fr-FR"},{"@type":"Organization","@id":"https:\/\/www.otbwaterdesign.com\/fr\/#organization","name":"Otb.es","url":"https:\/\/www.otbwaterdesign.com\/fr\/","logo":{"@type":"ImageObject","inLanguage":"fr-FR","@id":"https:\/\/www.otbwaterdesign.com\/fr\/#\/schema\/logo\/image\/","url":"https:\/\/www.otbwaterdesign.com\/wp-content\/uploads\/2020\/10\/OTB-Logo-2.png","contentUrl":"https:\/\/www.otbwaterdesign.com\/wp-content\/uploads\/2020\/10\/OTB-Logo-2.png","width":216,"height":228,"caption":"Otb.es"},"image":{"@id":"https:\/\/www.otbwaterdesign.com\/fr\/#\/schema\/logo\/image\/"}}]}},"_links":{"self":[{"href":"https:\/\/www.otbwaterdesign.com\/fr\/wp-json\/wp\/v2\/pages\/994"}],"collection":[{"href":"https:\/\/www.otbwaterdesign.com\/fr\/wp-json\/wp\/v2\/pages"}],"about":[{"href":"https:\/\/www.otbwaterdesign.com\/fr\/wp-json\/wp\/v2\/types\/page"}],"author":[{"embeddable":true,"href":"https:\/\/www.otbwaterdesign.com\/fr\/wp-json\/wp\/v2\/users\/1"}],"replies":[{"embeddable":true,"href":"https:\/\/www.otbwaterdesign.com\/fr\/wp-json\/wp\/v2\/comments?post=994"}],"version-history":[{"count":1,"href":"https:\/\/www.otbwaterdesign.com\/fr\/wp-json\/wp\/v2\/pages\/994\/revisions"}],"predecessor-version":[{"id":6503,"href":"https:\/\/www.otbwaterdesign.com\/fr\/wp-json\/wp\/v2\/pages\/994\/revisions\/6503"}],"wp:attachment":[{"href":"https:\/\/www.otbwaterdesign.com\/fr\/wp-json\/wp\/v2\/media?parent=994"}],"curies":[{"name":"wp","href":"https:\/\/api.w.org\/{rel}","templated":true}]}}